{"id":18428,"date":"2024-02-08T19:16:53","date_gmt":"2024-02-08T18:16:53","guid":{"rendered":"https:\/\/eterle.cz\/eshop\/produkt\/misa-na-noze\/"},"modified":"2025-06-24T01:54:39","modified_gmt":"2025-06-23T23:54:39","slug":"misa-na-noze","status":"publish","type":"product","link":"https:\/\/eterle.cz\/eshop\/produkt\/misa-na-noze\/","title":{"rendered":"M\u00edsa na noze"},"content":{"rendered":"<p>Kr\u00e1sn\u00e1 atypick\u00e1 porcel\u00e1nov\u00e1 m\u00edsa na noze se zvln\u011bn\u00fdm okrajem m\u00e1 neobvyklou b\u00e9\u017eovou barvu vzorem p\u0159ipom\u00ednaj\u00edc\u00ed k\u0159epel\u010d\u00ed vaj\u00ed\u010dka. Uvnit\u0159 m\u00edsy jsou kv\u011btiny v n\u011b\u017en\u00fdch pastelov\u00fdch barv\u00e1ch. Kr\u00e1sn\u011b bude vypadat t\u0159eba na letn\u00ed terase na stole s b\u00edl\u00fdm ln\u011bn\u00fdm ubrusem.<\/p>\n<p>Stav: velmi dobr\u00fd<br \/>\nRozm\u011br<br \/>\nV\u00fd\u0161ka: 11 cm<br \/>\nPr\u016fm\u011br: 33 cm<\/p>\n","protected":false},"excerpt":{"rendered":"<p>Kr\u00e1sn\u00e1 atypick\u00e1 porcel\u00e1nov\u00e1 m\u00edsa na noze se zvln\u011bn\u00fdm okrajem m\u00e1 neobvyklou b\u00e9\u017eovou barvu vzorem p\u0159ipom\u00ednaj\u00edc\u00ed k\u0159epel\u010d\u00ed vaj\u00ed\u010dka. Uvnit\u0159 m\u00edsy jsou<\/p>\n","protected":false},"featured_media":18007,"template":"","meta":[],"product_brand":[153],"product_cat":[76,110],"product_tag":[],"class_list":{"0":"post-18428","1":"product","2":"type-product","3":"status-publish","4":"has-post-thumbnail","6":"product_brand-eterle-cz","7":"product_cat-porcelan","8":"product_cat-misy","10":"first","11":"instock","12":"purchasable","13":"product-type-simple"},"_links":{"self":[{"href":"https:\/\/eterle.cz\/eshop\/wp-json\/wp\/v2\/product\/18428","targetHints":{"allow":["GET"]}}],"collection":[{"href":"https:\/\/eterle.cz\/eshop\/wp-json\/wp\/v2\/product"}],"about":[{"href":"https:\/\/eterle.cz\/eshop\/wp-json\/wp\/v2\/types\/product"}],"version-history":[{"count":1,"href":"https:\/\/eterle.cz\/eshop\/wp-json\/wp\/v2\/product\/18428\/revisions"}],"predecessor-version":[{"id":26399,"href":"https:\/\/eterle.cz\/eshop\/wp-json\/wp\/v2\/product\/18428\/revisions\/26399"}],"wp:featuredmedia":[{"embeddable":true,"href":"https:\/\/eterle.cz\/eshop\/wp-json\/wp\/v2\/media\/18007"}],"wp:attachment":[{"href":"https:\/\/eterle.cz\/eshop\/wp-json\/wp\/v2\/media?parent=18428"}],"wp:term":[{"taxonomy":"product_brand","embeddable":true,"href":"https:\/\/eterle.cz\/eshop\/wp-json\/wp\/v2\/product_brand?post=18428"},{"taxonomy":"product_cat","embeddable":true,"href":"https:\/\/eterle.cz\/eshop\/wp-json\/wp\/v2\/product_cat?post=18428"},{"taxonomy":"product_tag","embeddable":true,"href":"https:\/\/eterle.cz\/eshop\/wp-json\/wp\/v2\/product_tag?post=18428"}],"curies":[{"name":"wp","href":"https:\/\/api.w.org\/{rel}","templated":true}]}}