{"id":18429,"date":"2024-02-08T19:16:58","date_gmt":"2024-02-08T18:16:58","guid":{"rendered":"https:\/\/eterle.cz\/eshop\/produkt\/sada-jidelnich-taliru-jacquies-molin\/"},"modified":"2025-02-16T02:49:01","modified_gmt":"2025-02-16T01:49:01","slug":"sada-jidelnich-taliru-jacquies-molin","status":"publish","type":"product","link":"https:\/\/eterle.cz\/eshop\/produkt\/sada-jidelnich-taliru-jacquies-molin\/","title":{"rendered":"Sada j\u00eddeln\u00edch tal\u00ed\u0159\u016f \/ Jacquies Molin"},"content":{"rendered":"<p>Sada dezertn\u00edch porcel\u00e1nov\u00fdch tal\u00ed\u0159\u016f siln\u011bj\u0161\u00edho st\u0159epu od design\u00e9rky Jacques Molin. Tal\u00ed\u0159e maj\u00ed kubistick\u00fd tvar a kr\u00e1sn\u011b modrou barvu. Budou se dob\u0159e kombinovat jak s \u010dist\u011b b\u00edl\u00fdmi nebo \u017elut\u00fdmi tal\u00ed\u0159i. \u017dlut\u00e9 dezertn\u00ed tal\u00ed\u0159e stejn\u00e9ho tvaru a zna\u010dky m\u00e1me k dispozici.<\/p>\n<p>Stav: velmi dobr\u00fd, nepou\u017e\u00edvan\u00e9<br \/>\nZna\u010dka: Jacquies Molin, Francie<br \/>\nRozm\u011br<br \/>\nPr\u016fm\u011br tal\u00ed\u0159e: 30 cm<\/p>\n","protected":false},"excerpt":{"rendered":"<p>Sada dezertn\u00edch porcel\u00e1nov\u00fdch tal\u00ed\u0159\u016f siln\u011bj\u0161\u00edho st\u0159epu od design\u00e9rky Jacques Molin. Tal\u00ed\u0159e maj\u00ed kubistick\u00fd tvar a kr\u00e1sn\u011b modrou barvu. Budou se<\/p>\n","protected":false},"featured_media":18013,"template":"","meta":[],"product_brand":[153],"product_cat":[91],"product_tag":[],"class_list":{"0":"post-18429","1":"product","2":"type-product","3":"status-publish","4":"has-post-thumbnail","6":"product_brand-eterle-cz","7":"product_cat-prodane","9":"first","10":"outofstock","11":"purchasable","12":"product-type-simple"},"_links":{"self":[{"href":"https:\/\/eterle.cz\/eshop\/wp-json\/wp\/v2\/product\/18429","targetHints":{"allow":["GET"]}}],"collection":[{"href":"https:\/\/eterle.cz\/eshop\/wp-json\/wp\/v2\/product"}],"about":[{"href":"https:\/\/eterle.cz\/eshop\/wp-json\/wp\/v2\/types\/product"}],"version-history":[{"count":0,"href":"https:\/\/eterle.cz\/eshop\/wp-json\/wp\/v2\/product\/18429\/revisions"}],"wp:featuredmedia":[{"embeddable":true,"href":"https:\/\/eterle.cz\/eshop\/wp-json\/wp\/v2\/media\/18013"}],"wp:attachment":[{"href":"https:\/\/eterle.cz\/eshop\/wp-json\/wp\/v2\/media?parent=18429"}],"wp:term":[{"taxonomy":"product_brand","embeddable":true,"href":"https:\/\/eterle.cz\/eshop\/wp-json\/wp\/v2\/product_brand?post=18429"},{"taxonomy":"product_cat","embeddable":true,"href":"https:\/\/eterle.cz\/eshop\/wp-json\/wp\/v2\/product_cat?post=18429"},{"taxonomy":"product_tag","embeddable":true,"href":"https:\/\/eterle.cz\/eshop\/wp-json\/wp\/v2\/product_tag?post=18429"}],"curies":[{"name":"wp","href":"https:\/\/api.w.org\/{rel}","templated":true}]}}