{"id":18430,"date":"2024-02-08T19:17:02","date_gmt":"2024-02-08T18:17:02","guid":{"rendered":"https:\/\/eterle.cz\/eshop\/produkt\/hrnecky-s-mlekovkou\/"},"modified":"2025-06-24T01:54:39","modified_gmt":"2025-06-23T23:54:39","slug":"hrnecky-s-mlekovkou","status":"publish","type":"product","link":"https:\/\/eterle.cz\/eshop\/produkt\/hrnecky-s-mlekovkou\/","title":{"rendered":"Hrne\u010dky s ml\u00e9kovkou"},"content":{"rendered":"<p>Set dvou hrne\u010dk\u016f s pod\u0161\u00e1lekm a ml\u00e9kovkou v secesn\u00edm stylu vhodn\u00fd i na odpoeldn\u00ed sva\u010dinu pro mal\u00e9 sle\u010dny.<\/p>\n<p>Stav: odpov\u00eddaj\u00edc\u00ed st\u00e1\u0159\u00ed, m\u00edsty set\u0159ena zlat\u00e1 linka. Tal\u00ed\u0159ky maj\u00ed ob\u010das kaz z v\u00fdroby &#8211; malou te\u010dku<br \/>\nRozm\u011br<br \/>\nObjem hrne\u010dku: 200 ml<br \/>\nObjem ml\u00e9kovky: 500 ml<br \/>\nPr\u016fm\u011br pod\u0161\u00e1lku: 15 cm<\/p>\n","protected":false},"excerpt":{"rendered":"<p>Set dvou hrne\u010dk\u016f s pod\u0161\u00e1lekm a ml\u00e9kovkou v secesn\u00edm stylu vhodn\u00fd i na odpoeldn\u00ed sva\u010dinu pro mal\u00e9 sle\u010dny. Stav: odpov\u00eddaj\u00edc\u00ed<\/p>\n","protected":false},"featured_media":18018,"template":"","meta":[],"product_brand":[153],"product_cat":[76,120],"product_tag":[],"class_list":{"0":"post-18430","1":"product","2":"type-product","3":"status-publish","4":"has-post-thumbnail","6":"product_brand-eterle-cz","7":"product_cat-porcelan","8":"product_cat-hrnecky","10":"first","11":"instock","12":"purchasable","13":"product-type-simple"},"_links":{"self":[{"href":"https:\/\/eterle.cz\/eshop\/wp-json\/wp\/v2\/product\/18430","targetHints":{"allow":["GET"]}}],"collection":[{"href":"https:\/\/eterle.cz\/eshop\/wp-json\/wp\/v2\/product"}],"about":[{"href":"https:\/\/eterle.cz\/eshop\/wp-json\/wp\/v2\/types\/product"}],"version-history":[{"count":1,"href":"https:\/\/eterle.cz\/eshop\/wp-json\/wp\/v2\/product\/18430\/revisions"}],"predecessor-version":[{"id":26398,"href":"https:\/\/eterle.cz\/eshop\/wp-json\/wp\/v2\/product\/18430\/revisions\/26398"}],"wp:featuredmedia":[{"embeddable":true,"href":"https:\/\/eterle.cz\/eshop\/wp-json\/wp\/v2\/media\/18018"}],"wp:attachment":[{"href":"https:\/\/eterle.cz\/eshop\/wp-json\/wp\/v2\/media?parent=18430"}],"wp:term":[{"taxonomy":"product_brand","embeddable":true,"href":"https:\/\/eterle.cz\/eshop\/wp-json\/wp\/v2\/product_brand?post=18430"},{"taxonomy":"product_cat","embeddable":true,"href":"https:\/\/eterle.cz\/eshop\/wp-json\/wp\/v2\/product_cat?post=18430"},{"taxonomy":"product_tag","embeddable":true,"href":"https:\/\/eterle.cz\/eshop\/wp-json\/wp\/v2\/product_tag?post=18430"}],"curies":[{"name":"wp","href":"https:\/\/api.w.org\/{rel}","templated":true}]}}