{"id":18431,"date":"2024-02-08T19:17:08","date_gmt":"2024-02-08T18:17:08","guid":{"rendered":"https:\/\/eterle.cz\/eshop\/produkt\/hrnecek-lilien\/"},"modified":"2025-12-19T13:21:56","modified_gmt":"2025-12-19T12:21:56","slug":"hrnecek-lilien","status":"publish","type":"product","link":"https:\/\/eterle.cz\/eshop\/produkt\/hrnecek-lilien\/","title":{"rendered":"Hrne\u010dek \/ Lilien"},"content":{"rendered":"<p>\u0160ap\u00f3 v barv\u011b aquamarine od zna\u010dky Lilien p\u016fvodn\u00ed z 60. let minul\u00e9ho stolet\u00ed. Tento nad\u010dasov\u00fd design se vyr\u00e1b\u00ed i v sou\u010dasn\u00e9 dob\u011b, ale st\u0159ep nen\u00ed ji\u017e tak tenk\u00fd jako u p\u016fvodn\u00edch hrnk\u016f.<\/p>\n<p>Stav: velmi dobr\u00fd<br \/>\nZna\u010dka: Lilien<br \/>\nRozm\u011br<br \/>\nObjem hrne\u010dku: 100 ml<br \/>\nPr\u016fm\u011br pod\u0161\u00e1lku: 13 cm<\/p>\n","protected":false},"excerpt":{"rendered":"<p>\u0160ap\u00f3 v barv\u011b aquamarine od zna\u010dky Lilien p\u016fvodn\u00ed z 60. let minul\u00e9ho stolet\u00ed. Tento nad\u010dasov\u00fd design se vyr\u00e1b\u00ed i v<\/p>\n","protected":false},"featured_media":18026,"template":"","meta":[],"product_brand":[153],"product_cat":[91],"product_tag":[],"class_list":{"0":"post-18431","1":"product","2":"type-product","3":"status-publish","4":"has-post-thumbnail","6":"product_brand-eterle-cz","7":"product_cat-prodane","9":"first","10":"instock","11":"purchasable","12":"product-type-simple"},"_links":{"self":[{"href":"https:\/\/eterle.cz\/eshop\/wp-json\/wp\/v2\/product\/18431","targetHints":{"allow":["GET"]}}],"collection":[{"href":"https:\/\/eterle.cz\/eshop\/wp-json\/wp\/v2\/product"}],"about":[{"href":"https:\/\/eterle.cz\/eshop\/wp-json\/wp\/v2\/types\/product"}],"version-history":[{"count":1,"href":"https:\/\/eterle.cz\/eshop\/wp-json\/wp\/v2\/product\/18431\/revisions"}],"predecessor-version":[{"id":26397,"href":"https:\/\/eterle.cz\/eshop\/wp-json\/wp\/v2\/product\/18431\/revisions\/26397"}],"wp:featuredmedia":[{"embeddable":true,"href":"https:\/\/eterle.cz\/eshop\/wp-json\/wp\/v2\/media\/18026"}],"wp:attachment":[{"href":"https:\/\/eterle.cz\/eshop\/wp-json\/wp\/v2\/media?parent=18431"}],"wp:term":[{"taxonomy":"product_brand","embeddable":true,"href":"https:\/\/eterle.cz\/eshop\/wp-json\/wp\/v2\/product_brand?post=18431"},{"taxonomy":"product_cat","embeddable":true,"href":"https:\/\/eterle.cz\/eshop\/wp-json\/wp\/v2\/product_cat?post=18431"},{"taxonomy":"product_tag","embeddable":true,"href":"https:\/\/eterle.cz\/eshop\/wp-json\/wp\/v2\/product_tag?post=18431"}],"curies":[{"name":"wp","href":"https:\/\/api.w.org\/{rel}","templated":true}]}}