{"id":18434,"date":"2024-02-08T19:17:26","date_gmt":"2024-02-08T18:17:26","guid":{"rendered":"https:\/\/eterle.cz\/eshop\/produkt\/cajova-konvice-rudolf-kampf-4\/"},"modified":"2025-02-16T02:49:00","modified_gmt":"2025-02-16T01:49:00","slug":"cajova-konvice-rudolf-kampf-4","status":"publish","type":"product","link":"https:\/\/eterle.cz\/eshop\/produkt\/cajova-konvice-rudolf-kampf-4\/","title":{"rendered":"\u010cajov\u00e1 konvice \/ Rudolf K\u00e4mpf"},"content":{"rendered":"<p>Extravagantn\u00ed \u010dajov\u00e1 konvice v metalick\u00fdch barv\u00e1ch od \u010desk\u00e9 porcel\u00e1nky Rudolf K\u00e4mpf, kter\u00e1 byla zalo\u017eena na p\u0159elomu 19. a 20. stolet\u00ed za podpory habsbursk\u00e9 kr\u00e1lovsk\u00e9 dynastie. Tov\u00e1rna byla zalo\u017eena jako elitn\u00ed dodavatel vysoce um\u011bleck\u00e9ho n\u00e1dob\u00ed, figurek a dal\u0161\u00edho porcel\u00e1nu pro kr\u00e1lovsk\u00fd dv\u016fr a dom\u00e1cnosti evropsk\u00e9 aristokracie. Spole\u010dnosti se poda\u0159ilo udr\u017eet si sv\u00e9 hlavn\u00ed p\u0159ednosti i ve 21. stolet\u00ed. Je jedinou tov\u00e1rnou v \u010cesk\u00e9 republice, kde se porcel\u00e1n vyr\u00e1b\u00ed ru\u010dn\u011b, co\u017e dod\u00e1v\u00e1 jej\u00edm v\u00fdrobk\u016fm na v\u00fdjime\u010dnosti. V\u00fdrobky zna\u010dky Rudolf K\u00e4mpf tvo\u0159\u00ed v\u011bt\u0161inou limitovan\u00e9 s\u00e9rie a exkluzivn\u00ed exempl\u00e1\u0159e. Tato konvice je z \u0159ady Dal\u00ed.<\/p>\n<p>V\u00ed\u010dko na konvici nesed\u00ed 100%, p\u0159i nal\u00e9v\u00e1n\u00ed je nutno jej p\u0159idr\u017eovat. Nicm\u00e9n\u011b konvice je kr\u00e1sn\u00fdm skvostem do interi\u00e9ru.<\/p>\n<p>Stav: nov\u00fd<br \/>\nZna\u010dka: Rudolf K\u00e4mpf<br \/>\nRozm\u011br<br \/>\nObjem konvice: 1 l<\/p>\n","protected":false},"excerpt":{"rendered":"<p>Extravagantn\u00ed \u010dajov\u00e1 konvice v metalick\u00fdch barv\u00e1ch od \u010desk\u00e9 porcel\u00e1nky Rudolf K\u00e4mpf, kter\u00e1 byla zalo\u017eena na p\u0159elomu 19. a 20. stolet\u00ed<\/p>\n","protected":false},"featured_media":18040,"template":"","meta":[],"product_brand":[153],"product_cat":[91],"product_tag":[],"class_list":{"0":"post-18434","1":"product","2":"type-product","3":"status-publish","4":"has-post-thumbnail","6":"product_brand-eterle-cz","7":"product_cat-prodane","9":"first","10":"outofstock","11":"purchasable","12":"product-type-simple"},"_links":{"self":[{"href":"https:\/\/eterle.cz\/eshop\/wp-json\/wp\/v2\/product\/18434","targetHints":{"allow":["GET"]}}],"collection":[{"href":"https:\/\/eterle.cz\/eshop\/wp-json\/wp\/v2\/product"}],"about":[{"href":"https:\/\/eterle.cz\/eshop\/wp-json\/wp\/v2\/types\/product"}],"version-history":[{"count":0,"href":"https:\/\/eterle.cz\/eshop\/wp-json\/wp\/v2\/product\/18434\/revisions"}],"wp:featuredmedia":[{"embeddable":true,"href":"https:\/\/eterle.cz\/eshop\/wp-json\/wp\/v2\/media\/18040"}],"wp:attachment":[{"href":"https:\/\/eterle.cz\/eshop\/wp-json\/wp\/v2\/media?parent=18434"}],"wp:term":[{"taxonomy":"product_brand","embeddable":true,"href":"https:\/\/eterle.cz\/eshop\/wp-json\/wp\/v2\/product_brand?post=18434"},{"taxonomy":"product_cat","embeddable":true,"href":"https:\/\/eterle.cz\/eshop\/wp-json\/wp\/v2\/product_cat?post=18434"},{"taxonomy":"product_tag","embeddable":true,"href":"https:\/\/eterle.cz\/eshop\/wp-json\/wp\/v2\/product_tag?post=18434"}],"curies":[{"name":"wp","href":"https:\/\/api.w.org\/{rel}","templated":true}]}}