{"id":18435,"date":"2024-02-08T19:17:35","date_gmt":"2024-02-08T18:17:35","guid":{"rendered":"https:\/\/eterle.cz\/eshop\/produkt\/sada-na-kolac-rudolf-kampf\/"},"modified":"2025-02-16T02:48:59","modified_gmt":"2025-02-16T01:48:59","slug":"sada-na-kolac-rudolf-kampf","status":"publish","type":"product","link":"https:\/\/eterle.cz\/eshop\/produkt\/sada-na-kolac-rudolf-kampf\/","title":{"rendered":"Sada na kol\u00e1\u010d \/ Rudolf K\u00e4mpf"},"content":{"rendered":"<p>Sada na kol\u00e1\u010d v metalick\u00fdch barv\u00e1ch od \u010desk\u00e9 porcel\u00e1nky Rudolf K\u00e4mpf, kter\u00e1 byla zalo\u017eena na p\u0159elomu 19. a 20. stolet\u00ed za podpory habsbursk\u00e9 karlovsk\u00e9 dynastie. Tov\u00e1rna byla zalo\u017eena jako elitn\u00ed dodavatel vysoce um\u011bleck\u00e9ho n\u00e1dob\u00ed, figurek a dal\u0161\u00edho porcel\u00e1nu pro kr\u00e1lovsk\u00fd dv\u016fr a dom\u00e1cnosti evropsk\u00e9 aristokracie. Spole\u010dnosti se poda\u0159ilo udr\u017eet si sv\u00e9 hlavn\u00ed p\u0159ednosti i ve 21. stolet\u00ed. Je jedinou tov\u00e1rnou v \u010cesk\u00e9 republice, kde se porcel\u00e1n vyr\u00e1b\u00ed ru\u010dn\u011b, co\u017e dod\u00e1v\u00e1 jej\u00edm v\u00fdrobk\u016fm na v\u00fdjime\u010dnosti. V\u00fdrobky zna\u010dky Rudolf K\u00e4mpf tvo\u0159\u00ed v\u011bt\u0161inou limitovan\u00e9 s\u00e9rie a exkluzivn\u00ed exempl\u00e1\u0159e.<\/p>\n<p>Stav: nov\u00fd<br \/>\nZna\u010dka: Rudolf K\u00e4mpf<br \/>\nRozm\u011br<br \/>\nPr\u016fm\u011br tal\u00ed\u0159ku: 17,5 cm<br \/>\nRozm\u011br m\u00edsy: 35,5 x 26 cm<\/p>\n","protected":false},"excerpt":{"rendered":"<p>Sada na kol\u00e1\u010d v metalick\u00fdch barv\u00e1ch od \u010desk\u00e9 porcel\u00e1nky Rudolf K\u00e4mpf, kter\u00e1 byla zalo\u017eena na p\u0159elomu 19. a 20. stolet\u00ed<\/p>\n","protected":false},"featured_media":18046,"template":"","meta":[],"product_brand":[153],"product_cat":[91],"product_tag":[],"class_list":{"0":"post-18435","1":"product","2":"type-product","3":"status-publish","4":"has-post-thumbnail","6":"product_brand-eterle-cz","7":"product_cat-prodane","9":"first","10":"outofstock","11":"purchasable","12":"product-type-simple"},"_links":{"self":[{"href":"https:\/\/eterle.cz\/eshop\/wp-json\/wp\/v2\/product\/18435","targetHints":{"allow":["GET"]}}],"collection":[{"href":"https:\/\/eterle.cz\/eshop\/wp-json\/wp\/v2\/product"}],"about":[{"href":"https:\/\/eterle.cz\/eshop\/wp-json\/wp\/v2\/types\/product"}],"version-history":[{"count":0,"href":"https:\/\/eterle.cz\/eshop\/wp-json\/wp\/v2\/product\/18435\/revisions"}],"wp:featuredmedia":[{"embeddable":true,"href":"https:\/\/eterle.cz\/eshop\/wp-json\/wp\/v2\/media\/18046"}],"wp:attachment":[{"href":"https:\/\/eterle.cz\/eshop\/wp-json\/wp\/v2\/media?parent=18435"}],"wp:term":[{"taxonomy":"product_brand","embeddable":true,"href":"https:\/\/eterle.cz\/eshop\/wp-json\/wp\/v2\/product_brand?post=18435"},{"taxonomy":"product_cat","embeddable":true,"href":"https:\/\/eterle.cz\/eshop\/wp-json\/wp\/v2\/product_cat?post=18435"},{"taxonomy":"product_tag","embeddable":true,"href":"https:\/\/eterle.cz\/eshop\/wp-json\/wp\/v2\/product_tag?post=18435"}],"curies":[{"name":"wp","href":"https:\/\/api.w.org\/{rel}","templated":true}]}}