{"id":18438,"date":"2024-02-08T19:17:54","date_gmt":"2024-02-08T18:17:54","guid":{"rendered":"https:\/\/eterle.cz\/eshop\/produkt\/dva-hrnecky-na-kavu-rudolf-kampf\/"},"modified":"2025-05-22T16:42:48","modified_gmt":"2025-05-22T14:42:48","slug":"dva-hrnecky-na-kavu-rudolf-kampf","status":"publish","type":"product","link":"https:\/\/eterle.cz\/eshop\/produkt\/dva-hrnecky-na-kavu-rudolf-kampf\/","title":{"rendered":"Dva hrne\u010dky na k\u00e1vu \/ Rudolf K\u00e4mpf"},"content":{"rendered":"<p>Dva hrne\u010dky na k\u00e1vu od \u010desk\u00e9 porcel\u00e1nky Rudolf K\u00e4mpf, kter\u00e1 se soust\u0159ed\u00ed na exkluzivn\u00ed ru\u010dn\u011b vyr\u00e1b\u011bn\u00e9 p\u0159edm\u011bty. V\u00edce ne\u017e 100 let se nech\u00e1v\u00e1 inspirovat zn\u00e1m\u00fdmi um\u011blci a m\u011bsty. V p\u0159\u00edpad\u011b t\u011bchto hrnk\u016f se art director Petr Kot\u011bra nechal inspirovat slavn\u00fdm surealistou Dal\u00edm konr\u00e9tn\u011b jeho obrazem &#8222;Labut\u011b odr\u00e1\u017eej\u00edc\u00ed se ve vod\u011b jako sloni&#8220;. Luxus podtrhuje 24 kar\u00e1tov\u00e9 zlato uvnit\u0159 a na uchu.<\/p>\n<p>Stav: nov\u00fd<br \/>\nZna\u010dka: Rudolf K\u00e4mpf<br \/>\nRozm\u011br<br \/>\nObjem hrne\u010dku: 120 ml<\/p>\n","protected":false},"excerpt":{"rendered":"<p>Dva hrne\u010dky na k\u00e1vu od \u010desk\u00e9 porcel\u00e1nky Rudolf K\u00e4mpf, kter\u00e1 se soust\u0159ed\u00ed na exkluzivn\u00ed ru\u010dn\u011b vyr\u00e1b\u011bn\u00e9 p\u0159edm\u011bty. V\u00edce ne\u017e 100<\/p>\n","protected":false},"featured_media":18071,"template":"","meta":[],"product_brand":[153],"product_cat":[91],"product_tag":[],"class_list":{"0":"post-18438","1":"product","2":"type-product","3":"status-publish","4":"has-post-thumbnail","6":"product_brand-eterle-cz","7":"product_cat-prodane","9":"first","10":"outofstock","11":"purchasable","12":"product-type-simple"},"_links":{"self":[{"href":"https:\/\/eterle.cz\/eshop\/wp-json\/wp\/v2\/product\/18438","targetHints":{"allow":["GET"]}}],"collection":[{"href":"https:\/\/eterle.cz\/eshop\/wp-json\/wp\/v2\/product"}],"about":[{"href":"https:\/\/eterle.cz\/eshop\/wp-json\/wp\/v2\/types\/product"}],"version-history":[{"count":1,"href":"https:\/\/eterle.cz\/eshop\/wp-json\/wp\/v2\/product\/18438\/revisions"}],"predecessor-version":[{"id":24573,"href":"https:\/\/eterle.cz\/eshop\/wp-json\/wp\/v2\/product\/18438\/revisions\/24573"}],"wp:featuredmedia":[{"embeddable":true,"href":"https:\/\/eterle.cz\/eshop\/wp-json\/wp\/v2\/media\/18071"}],"wp:attachment":[{"href":"https:\/\/eterle.cz\/eshop\/wp-json\/wp\/v2\/media?parent=18438"}],"wp:term":[{"taxonomy":"product_brand","embeddable":true,"href":"https:\/\/eterle.cz\/eshop\/wp-json\/wp\/v2\/product_brand?post=18438"},{"taxonomy":"product_cat","embeddable":true,"href":"https:\/\/eterle.cz\/eshop\/wp-json\/wp\/v2\/product_cat?post=18438"},{"taxonomy":"product_tag","embeddable":true,"href":"https:\/\/eterle.cz\/eshop\/wp-json\/wp\/v2\/product_tag?post=18438"}],"curies":[{"name":"wp","href":"https:\/\/api.w.org\/{rel}","templated":true}]}}