{"id":18439,"date":"2024-02-08T19:17:58","date_gmt":"2024-02-08T18:17:58","guid":{"rendered":"https:\/\/eterle.cz\/eshop\/produkt\/hrnecky-s-cukrenkou-rudolf-kampf\/"},"modified":"2025-05-22T16:42:31","modified_gmt":"2025-05-22T14:42:31","slug":"hrnecky-s-cukrenkou-rudolf-kampf","status":"publish","type":"product","link":"https:\/\/eterle.cz\/eshop\/produkt\/hrnecky-s-cukrenkou-rudolf-kampf\/","title":{"rendered":"Hrne\u010dky s cuk\u0159enkou \/ Rudolf K\u00e4mpf"},"content":{"rendered":"<p>Dva hrne\u010dky (r\u016fzn\u00e9 velikosti) na k\u00e1vu s cuk\u0159enkou od \u010desk\u00e9 porcel\u00e1nky Rudolf K\u00e4mpf, kter\u00e1 se soust\u0159ed\u00ed na exkluzivn\u00ed ru\u010dn\u011b vyr\u00e1b\u011bn\u00e9 p\u0159edm\u011bty. V\u00edce ne\u017e 100 let se nech\u00e1v\u00e1 inspirovat zn\u00e1m\u00fdmi um\u011blci a m\u011bsty. V p\u0159\u00edpad\u011b t\u011bchto hrnk\u016f se art direktor Petr Kot\u011bra nechal inspirovat slavn\u00fdm surrealistou Dal\u00edm konkr\u00e9tn\u011b jeho obrazem &#8222;Labut\u011b odr\u00e1\u017eej\u00edc\u00ed se ve vod\u011b jako sloni&#8220;. Luxus podtrhuje 24 kar\u00e1tov\u00e9 matn\u00e9 zlato, kter\u00fdm je porcel\u00e1n pokryt.<\/p>\n<p>Stav: nov\u00fd<br \/>\nZna\u010dka: Rudolf K\u00e4mpf<br \/>\nRozm\u011br<br \/>\nObjem v\u011bt\u0161\u00edho hrnku: 180 ml<br \/>\nObjem men\u0161\u00edho hrnku: 130 ml<br \/>\nV\u00fd\u0161ka cuk\u0159enky: 13 cm<br \/>\n\u0160\u00ed\u0159ka cuk\u0159enky: 14 cm<\/p>\n","protected":false},"excerpt":{"rendered":"<p>Dva hrne\u010dky (r\u016fzn\u00e9 velikosti) na k\u00e1vu s cuk\u0159enkou od \u010desk\u00e9 porcel\u00e1nky Rudolf K\u00e4mpf, kter\u00e1 se soust\u0159ed\u00ed na exkluzivn\u00ed ru\u010dn\u011b vyr\u00e1b\u011bn\u00e9<\/p>\n","protected":false},"featured_media":18077,"template":"","meta":[],"product_brand":[153],"product_cat":[91],"product_tag":[],"class_list":{"0":"post-18439","1":"product","2":"type-product","3":"status-publish","4":"has-post-thumbnail","6":"product_brand-eterle-cz","7":"product_cat-prodane","9":"first","10":"outofstock","11":"purchasable","12":"product-type-simple"},"_links":{"self":[{"href":"https:\/\/eterle.cz\/eshop\/wp-json\/wp\/v2\/product\/18439","targetHints":{"allow":["GET"]}}],"collection":[{"href":"https:\/\/eterle.cz\/eshop\/wp-json\/wp\/v2\/product"}],"about":[{"href":"https:\/\/eterle.cz\/eshop\/wp-json\/wp\/v2\/types\/product"}],"version-history":[{"count":2,"href":"https:\/\/eterle.cz\/eshop\/wp-json\/wp\/v2\/product\/18439\/revisions"}],"predecessor-version":[{"id":24572,"href":"https:\/\/eterle.cz\/eshop\/wp-json\/wp\/v2\/product\/18439\/revisions\/24572"}],"wp:featuredmedia":[{"embeddable":true,"href":"https:\/\/eterle.cz\/eshop\/wp-json\/wp\/v2\/media\/18077"}],"wp:attachment":[{"href":"https:\/\/eterle.cz\/eshop\/wp-json\/wp\/v2\/media?parent=18439"}],"wp:term":[{"taxonomy":"product_brand","embeddable":true,"href":"https:\/\/eterle.cz\/eshop\/wp-json\/wp\/v2\/product_brand?post=18439"},{"taxonomy":"product_cat","embeddable":true,"href":"https:\/\/eterle.cz\/eshop\/wp-json\/wp\/v2\/product_cat?post=18439"},{"taxonomy":"product_tag","embeddable":true,"href":"https:\/\/eterle.cz\/eshop\/wp-json\/wp\/v2\/product_tag?post=18439"}],"curies":[{"name":"wp","href":"https:\/\/api.w.org\/{rel}","templated":true}]}}