{"id":18440,"date":"2024-02-08T19:18:03","date_gmt":"2024-02-08T18:18:03","guid":{"rendered":"https:\/\/eterle.cz\/eshop\/produkt\/skolni-plakat-ptaci\/"},"modified":"2025-02-16T02:48:58","modified_gmt":"2025-02-16T01:48:58","slug":"skolni-plakat-ptaci","status":"publish","type":"product","link":"https:\/\/eterle.cz\/eshop\/produkt\/skolni-plakat-ptaci\/","title":{"rendered":"\u0160koln\u00ed plak\u00e1t &#8211; pt\u00e1ci"},"content":{"rendered":"<p>Kr\u00e1sn\u00fd \u0161koln\u00ed plak\u00e1t u\u017eite\u010dn\u00fdch pt\u00e1k\u016f na\u0161ich ovocn\u00fdch sad\u016f a zahrad z roku 1953. Ze zadn\u00ed strany podrobn\u00fd popis k jednotliv\u00fdm pt\u00e1k\u016fm vyobrazen\u00fdch na plak\u00e1tu. V sou\u010dasn\u00e9 dob\u011b jsou plak\u00e1ty vyhled\u00e1vanou bytovou dekorac\u00ed.<\/p>\n<p>Stav: odpov\u00eddaj\u00edc\u00ed st\u00e1\u0159\u00ed, u horn\u00ed li\u0161ty cca 2 cm natr\u017een\u00e9<br \/>\nRozm\u011br<br \/>\nV\u00fd\u0161ka: 60 cm<br \/>\n\u0160\u00ed\u0159ka: 85 cm<\/p>\n","protected":false},"excerpt":{"rendered":"<p>Kr\u00e1sn\u00fd \u0161koln\u00ed plak\u00e1t u\u017eite\u010dn\u00fdch pt\u00e1k\u016f na\u0161ich ovocn\u00fdch sad\u016f a zahrad z roku 1953. Ze zadn\u00ed strany podrobn\u00fd popis k jednotliv\u00fdm<\/p>\n","protected":false},"featured_media":18085,"template":"","meta":[],"product_brand":[153],"product_cat":[91],"product_tag":[],"class_list":{"0":"post-18440","1":"product","2":"type-product","3":"status-publish","4":"has-post-thumbnail","6":"product_brand-eterle-cz","7":"product_cat-prodane","8":"product_shipping_class-nadrozmerne","10":"first","11":"outofstock","12":"purchasable","13":"product-type-simple"},"_links":{"self":[{"href":"https:\/\/eterle.cz\/eshop\/wp-json\/wp\/v2\/product\/18440","targetHints":{"allow":["GET"]}}],"collection":[{"href":"https:\/\/eterle.cz\/eshop\/wp-json\/wp\/v2\/product"}],"about":[{"href":"https:\/\/eterle.cz\/eshop\/wp-json\/wp\/v2\/types\/product"}],"version-history":[{"count":0,"href":"https:\/\/eterle.cz\/eshop\/wp-json\/wp\/v2\/product\/18440\/revisions"}],"wp:featuredmedia":[{"embeddable":true,"href":"https:\/\/eterle.cz\/eshop\/wp-json\/wp\/v2\/media\/18085"}],"wp:attachment":[{"href":"https:\/\/eterle.cz\/eshop\/wp-json\/wp\/v2\/media?parent=18440"}],"wp:term":[{"taxonomy":"product_brand","embeddable":true,"href":"https:\/\/eterle.cz\/eshop\/wp-json\/wp\/v2\/product_brand?post=18440"},{"taxonomy":"product_cat","embeddable":true,"href":"https:\/\/eterle.cz\/eshop\/wp-json\/wp\/v2\/product_cat?post=18440"},{"taxonomy":"product_tag","embeddable":true,"href":"https:\/\/eterle.cz\/eshop\/wp-json\/wp\/v2\/product_tag?post=18440"}],"curies":[{"name":"wp","href":"https:\/\/api.w.org\/{rel}","templated":true}]}}