{"id":18441,"date":"2024-02-08T19:18:08","date_gmt":"2024-02-08T18:18:08","guid":{"rendered":"https:\/\/eterle.cz\/eshop\/produkt\/skolni-plakat-zima-2\/"},"modified":"2025-02-16T02:48:57","modified_gmt":"2025-02-16T01:48:57","slug":"skolni-plakat-zima-2","status":"publish","type":"product","link":"https:\/\/eterle.cz\/eshop\/produkt\/skolni-plakat-zima-2\/","title":{"rendered":"\u0160koln\u00ed plak\u00e1t &#8211; zima"},"content":{"rendered":"<p>Kr\u00e1sn\u00fd \u0161koln\u00ed plak\u00e1t ze s\u00e9rie ro\u010dn\u00edch obdob\u00ed. Bude kr\u00e1snou ozdobou interi\u00e9ru. V sou\u010dasn\u00e9 dob\u011b jsou plak\u00e1ty vyhled\u00e1vanou bytovou dekorac\u00ed.<\/p>\n<p>Stav: odpov\u00edd\u00e1 st\u00e1\u0159\u00ed, poma\u010dkan\u00fd<br \/>\nRozm\u011br<br \/>\nV\u00fd\u0161ka: 67 cm<br \/>\n\u0160\u00ed\u0159ka: 90 cm<\/p>\n","protected":false},"excerpt":{"rendered":"<p>Kr\u00e1sn\u00fd \u0161koln\u00ed plak\u00e1t ze s\u00e9rie ro\u010dn\u00edch obdob\u00ed. Bude kr\u00e1snou ozdobou interi\u00e9ru. V sou\u010dasn\u00e9 dob\u011b jsou plak\u00e1ty vyhled\u00e1vanou bytovou dekorac\u00ed. Stav:<\/p>\n","protected":false},"featured_media":18089,"template":"","meta":[],"product_brand":[153],"product_cat":[91],"product_tag":[],"class_list":{"0":"post-18441","1":"product","2":"type-product","3":"status-publish","4":"has-post-thumbnail","6":"product_brand-eterle-cz","7":"product_cat-prodane","8":"product_shipping_class-nadrozmerne","10":"first","11":"outofstock","12":"purchasable","13":"product-type-simple"},"_links":{"self":[{"href":"https:\/\/eterle.cz\/eshop\/wp-json\/wp\/v2\/product\/18441","targetHints":{"allow":["GET"]}}],"collection":[{"href":"https:\/\/eterle.cz\/eshop\/wp-json\/wp\/v2\/product"}],"about":[{"href":"https:\/\/eterle.cz\/eshop\/wp-json\/wp\/v2\/types\/product"}],"version-history":[{"count":0,"href":"https:\/\/eterle.cz\/eshop\/wp-json\/wp\/v2\/product\/18441\/revisions"}],"wp:featuredmedia":[{"embeddable":true,"href":"https:\/\/eterle.cz\/eshop\/wp-json\/wp\/v2\/media\/18089"}],"wp:attachment":[{"href":"https:\/\/eterle.cz\/eshop\/wp-json\/wp\/v2\/media?parent=18441"}],"wp:term":[{"taxonomy":"product_brand","embeddable":true,"href":"https:\/\/eterle.cz\/eshop\/wp-json\/wp\/v2\/product_brand?post=18441"},{"taxonomy":"product_cat","embeddable":true,"href":"https:\/\/eterle.cz\/eshop\/wp-json\/wp\/v2\/product_cat?post=18441"},{"taxonomy":"product_tag","embeddable":true,"href":"https:\/\/eterle.cz\/eshop\/wp-json\/wp\/v2\/product_tag?post=18441"}],"curies":[{"name":"wp","href":"https:\/\/api.w.org\/{rel}","templated":true}]}}