{"id":18443,"date":"2024-02-08T19:18:21","date_gmt":"2024-02-08T18:18:21","guid":{"rendered":"https:\/\/eterle.cz\/eshop\/produkt\/skolni-plakat-houby\/"},"modified":"2025-02-16T02:48:57","modified_gmt":"2025-02-16T01:48:57","slug":"skolni-plakat-houby","status":"publish","type":"product","link":"https:\/\/eterle.cz\/eshop\/produkt\/skolni-plakat-houby\/","title":{"rendered":"\u0160koln\u00ed plak\u00e1t &#8211; houby"},"content":{"rendered":"<p>\u0160koln\u00ed plak\u00e1t jedl\u00fdch hub nejen pro v\u00e1\u0161niv\u00e9 houba\u0159e. V sou\u010dasn\u00e9 dob\u011b jsou plak\u00e1ty vyhled\u00e1vanou bytovou dekorac\u00ed.<\/p>\n<p>Stav: naho\u0159e roztr\u017een\u00fd 10 cm, podlepeno pap\u00edrovou p\u00e1skou; za\u0161l\u00e9 v\u011bkem<br \/>\nRozm\u011br<br \/>\nV\u00fd\u0161ka: 67 cm<br \/>\n\u0160\u00ed\u0159ka: 97 cm<\/p>\n","protected":false},"excerpt":{"rendered":"<p>\u0160koln\u00ed plak\u00e1t jedl\u00fdch hub nejen pro v\u00e1\u0161niv\u00e9 houba\u0159e. V sou\u010dasn\u00e9 dob\u011b jsou plak\u00e1ty vyhled\u00e1vanou bytovou dekorac\u00ed. Stav: naho\u0159e roztr\u017een\u00fd 10<\/p>\n","protected":false},"featured_media":18102,"template":"","meta":[],"product_brand":[153],"product_cat":[91],"product_tag":[],"class_list":{"0":"post-18443","1":"product","2":"type-product","3":"status-publish","4":"has-post-thumbnail","6":"product_brand-eterle-cz","7":"product_cat-prodane","8":"product_shipping_class-nadrozmerne","10":"first","11":"outofstock","12":"purchasable","13":"product-type-simple"},"_links":{"self":[{"href":"https:\/\/eterle.cz\/eshop\/wp-json\/wp\/v2\/product\/18443","targetHints":{"allow":["GET"]}}],"collection":[{"href":"https:\/\/eterle.cz\/eshop\/wp-json\/wp\/v2\/product"}],"about":[{"href":"https:\/\/eterle.cz\/eshop\/wp-json\/wp\/v2\/types\/product"}],"version-history":[{"count":0,"href":"https:\/\/eterle.cz\/eshop\/wp-json\/wp\/v2\/product\/18443\/revisions"}],"wp:featuredmedia":[{"embeddable":true,"href":"https:\/\/eterle.cz\/eshop\/wp-json\/wp\/v2\/media\/18102"}],"wp:attachment":[{"href":"https:\/\/eterle.cz\/eshop\/wp-json\/wp\/v2\/media?parent=18443"}],"wp:term":[{"taxonomy":"product_brand","embeddable":true,"href":"https:\/\/eterle.cz\/eshop\/wp-json\/wp\/v2\/product_brand?post=18443"},{"taxonomy":"product_cat","embeddable":true,"href":"https:\/\/eterle.cz\/eshop\/wp-json\/wp\/v2\/product_cat?post=18443"},{"taxonomy":"product_tag","embeddable":true,"href":"https:\/\/eterle.cz\/eshop\/wp-json\/wp\/v2\/product_tag?post=18443"}],"curies":[{"name":"wp","href":"https:\/\/api.w.org\/{rel}","templated":true}]}}