{"id":18447,"date":"2024-02-08T19:18:50","date_gmt":"2024-02-08T18:18:50","guid":{"rendered":"https:\/\/eterle.cz\/eshop\/produkt\/skolni-plakat-secese-ii\/"},"modified":"2025-02-16T02:48:55","modified_gmt":"2025-02-16T01:48:55","slug":"skolni-plakat-secese-ii","status":"publish","type":"product","link":"https:\/\/eterle.cz\/eshop\/produkt\/skolni-plakat-secese-ii\/","title":{"rendered":"\u0160koln\u00ed plak\u00e1t &#8211; secese II"},"content":{"rendered":"<p>\u0160koln\u00ed plak\u00e1t secese II zobrazuje Hlavn\u00ed n\u00e1dra\u017e\u00ed v Praze. Ze zadn\u00ed strany plak\u00e1tu naleznete i podrobn\u00fd popis tohoto slohu, navazuje na popis z plak\u00e1tu secese I.<\/p>\n<p>Stav: dobr\u00fd, m\u00edsty m\u00edrn\u011b zvln\u011bn\u00fd<br \/>\nRozm\u011br<br \/>\nV\u00fd\u0161ka: 97 cm<br \/>\n\u0160\u00ed\u0159ka: 71 cm<\/p>\n","protected":false},"excerpt":{"rendered":"<p>\u0160koln\u00ed plak\u00e1t secese II zobrazuje Hlavn\u00ed n\u00e1dra\u017e\u00ed v Praze. Ze zadn\u00ed strany plak\u00e1tu naleznete i podrobn\u00fd popis tohoto slohu, navazuje<\/p>\n","protected":false},"featured_media":18127,"template":"","meta":[],"product_brand":[153],"product_cat":[91],"product_tag":[],"class_list":{"0":"post-18447","1":"product","2":"type-product","3":"status-publish","4":"has-post-thumbnail","6":"product_brand-eterle-cz","7":"product_cat-prodane","8":"product_shipping_class-nadrozmerne","10":"first","11":"outofstock","12":"purchasable","13":"product-type-simple"},"_links":{"self":[{"href":"https:\/\/eterle.cz\/eshop\/wp-json\/wp\/v2\/product\/18447","targetHints":{"allow":["GET"]}}],"collection":[{"href":"https:\/\/eterle.cz\/eshop\/wp-json\/wp\/v2\/product"}],"about":[{"href":"https:\/\/eterle.cz\/eshop\/wp-json\/wp\/v2\/types\/product"}],"version-history":[{"count":0,"href":"https:\/\/eterle.cz\/eshop\/wp-json\/wp\/v2\/product\/18447\/revisions"}],"wp:featuredmedia":[{"embeddable":true,"href":"https:\/\/eterle.cz\/eshop\/wp-json\/wp\/v2\/media\/18127"}],"wp:attachment":[{"href":"https:\/\/eterle.cz\/eshop\/wp-json\/wp\/v2\/media?parent=18447"}],"wp:term":[{"taxonomy":"product_brand","embeddable":true,"href":"https:\/\/eterle.cz\/eshop\/wp-json\/wp\/v2\/product_brand?post=18447"},{"taxonomy":"product_cat","embeddable":true,"href":"https:\/\/eterle.cz\/eshop\/wp-json\/wp\/v2\/product_cat?post=18447"},{"taxonomy":"product_tag","embeddable":true,"href":"https:\/\/eterle.cz\/eshop\/wp-json\/wp\/v2\/product_tag?post=18447"}],"curies":[{"name":"wp","href":"https:\/\/api.w.org\/{rel}","templated":true}]}}