{"id":18448,"date":"2024-02-08T19:18:56","date_gmt":"2024-02-08T18:18:56","guid":{"rendered":"https:\/\/eterle.cz\/eshop\/produkt\/skolni-plakat-3\/"},"modified":"2025-02-16T02:48:55","modified_gmt":"2025-02-16T01:48:55","slug":"skolni-plakat-3","status":"publish","type":"product","link":"https:\/\/eterle.cz\/eshop\/produkt\/skolni-plakat-3\/","title":{"rendered":"\u0160koln\u00ed plak\u00e1t"},"content":{"rendered":"<p>\u0160koln\u00ed plak\u00e1t z 20. let minul\u00e9ho stolet\u00ed zn\u00e1zor\u0148uj\u00edc\u00ed ob\u011bh zem\u011b okolo slunce.<\/p>\n<p>Stav: za\u0161l\u00fd, u\u0161pin\u011bn\u00fd<br \/>\nRozm\u011br<br \/>\nV\u00fd\u0161ka: 62 cm<br \/>\n\u0160\u00ed\u0159ka: 100 cm<\/p>\n","protected":false},"excerpt":{"rendered":"<p>\u0160koln\u00ed plak\u00e1t z 20. let minul\u00e9ho stolet\u00ed zn\u00e1zor\u0148uj\u00edc\u00ed ob\u011bh zem\u011b okolo slunce. Stav: za\u0161l\u00fd, u\u0161pin\u011bn\u00fd Rozm\u011br V\u00fd\u0161ka: 62 cm \u0160\u00ed\u0159ka:<\/p>\n","protected":false},"featured_media":18136,"template":"","meta":[],"product_brand":[153],"product_cat":[91],"product_tag":[],"class_list":{"0":"post-18448","1":"product","2":"type-product","3":"status-publish","4":"has-post-thumbnail","6":"product_brand-eterle-cz","7":"product_cat-prodane","8":"product_shipping_class-nadrozmerne","10":"first","11":"outofstock","12":"purchasable","13":"product-type-simple"},"_links":{"self":[{"href":"https:\/\/eterle.cz\/eshop\/wp-json\/wp\/v2\/product\/18448","targetHints":{"allow":["GET"]}}],"collection":[{"href":"https:\/\/eterle.cz\/eshop\/wp-json\/wp\/v2\/product"}],"about":[{"href":"https:\/\/eterle.cz\/eshop\/wp-json\/wp\/v2\/types\/product"}],"version-history":[{"count":0,"href":"https:\/\/eterle.cz\/eshop\/wp-json\/wp\/v2\/product\/18448\/revisions"}],"wp:featuredmedia":[{"embeddable":true,"href":"https:\/\/eterle.cz\/eshop\/wp-json\/wp\/v2\/media\/18136"}],"wp:attachment":[{"href":"https:\/\/eterle.cz\/eshop\/wp-json\/wp\/v2\/media?parent=18448"}],"wp:term":[{"taxonomy":"product_brand","embeddable":true,"href":"https:\/\/eterle.cz\/eshop\/wp-json\/wp\/v2\/product_brand?post=18448"},{"taxonomy":"product_cat","embeddable":true,"href":"https:\/\/eterle.cz\/eshop\/wp-json\/wp\/v2\/product_cat?post=18448"},{"taxonomy":"product_tag","embeddable":true,"href":"https:\/\/eterle.cz\/eshop\/wp-json\/wp\/v2\/product_tag?post=18448"}],"curies":[{"name":"wp","href":"https:\/\/api.w.org\/{rel}","templated":true}]}}