{"id":18451,"date":"2024-02-08T19:19:13","date_gmt":"2024-02-08T18:19:13","guid":{"rendered":"https:\/\/eterle.cz\/eshop\/produkt\/volavky-cb-dux\/"},"modified":"2025-02-16T02:48:54","modified_gmt":"2025-02-16T01:48:54","slug":"volavky-cb-dux","status":"publish","type":"product","link":"https:\/\/eterle.cz\/eshop\/produkt\/volavky-cb-dux\/","title":{"rendered":"Volavky \u010db \/ Dux"},"content":{"rendered":"<p>Elegantn\u00ed so\u0161ka volavek podle n\u00e1vrhu v\u00fdtvarn\u00edka Jaroslava Je\u017eka pro Dux. Volavky jsou asi nejabstraktn\u011bj\u0161\u00ed zv\u00ed\u0159ec\u00ed plastikou\u00a0Jaroslava Je\u017eka. Jde o so\u0161ku, kter\u00e1 sklidila \u00fasp\u011bch na\u00a0XII. Trien\u00e1le v Mil\u00e1n\u011b roku 1960. Pt\u00e1ci jsou velmi minimalisti\u010dt\u00ed bez jak\u00e9hokoliv detailu, p\u0159esto je snadn\u00e9 je rozpoznat. Zaj\u00edmav\u00e9 je, \u017ee d\u00edky rukod\u011bln\u00e9 pr\u00e1ci jsou u ka\u017ed\u00e9 plastiky pt\u00e1ci v\u016f\u010di sob\u011b v trochu jin\u00e9 poloze. Figurky volavek jsou vystaveny na v\u00fdstav\u011b Bruselsk\u00fd sen.<\/p>\n<p>Stav: nov\u00fd<br \/>\nZna\u010dka: Dux<br \/>\nRozm\u011br<br \/>\nV\u00fd\u0161ka: 39 cm<br \/>\nD\u00e9lka: 14 cm<br \/>\n\u0160\u00ed\u0159ka: 10 cm<\/p>\n","protected":false},"excerpt":{"rendered":"<p>Elegantn\u00ed so\u0161ka volavek podle n\u00e1vrhu v\u00fdtvarn\u00edka Jaroslava Je\u017eka pro Dux. Volavky jsou asi nejabstraktn\u011bj\u0161\u00ed zv\u00ed\u0159ec\u00ed plastikou\u00a0Jaroslava Je\u017eka. Jde o so\u0161ku,<\/p>\n","protected":false},"featured_media":18154,"template":"","meta":[],"product_brand":[153],"product_cat":[91],"product_tag":[],"class_list":{"0":"post-18451","1":"product","2":"type-product","3":"status-publish","4":"has-post-thumbnail","6":"product_brand-eterle-cz","7":"product_cat-prodane","9":"first","10":"outofstock","11":"purchasable","12":"product-type-simple"},"_links":{"self":[{"href":"https:\/\/eterle.cz\/eshop\/wp-json\/wp\/v2\/product\/18451","targetHints":{"allow":["GET"]}}],"collection":[{"href":"https:\/\/eterle.cz\/eshop\/wp-json\/wp\/v2\/product"}],"about":[{"href":"https:\/\/eterle.cz\/eshop\/wp-json\/wp\/v2\/types\/product"}],"version-history":[{"count":0,"href":"https:\/\/eterle.cz\/eshop\/wp-json\/wp\/v2\/product\/18451\/revisions"}],"wp:featuredmedia":[{"embeddable":true,"href":"https:\/\/eterle.cz\/eshop\/wp-json\/wp\/v2\/media\/18154"}],"wp:attachment":[{"href":"https:\/\/eterle.cz\/eshop\/wp-json\/wp\/v2\/media?parent=18451"}],"wp:term":[{"taxonomy":"product_brand","embeddable":true,"href":"https:\/\/eterle.cz\/eshop\/wp-json\/wp\/v2\/product_brand?post=18451"},{"taxonomy":"product_cat","embeddable":true,"href":"https:\/\/eterle.cz\/eshop\/wp-json\/wp\/v2\/product_cat?post=18451"},{"taxonomy":"product_tag","embeddable":true,"href":"https:\/\/eterle.cz\/eshop\/wp-json\/wp\/v2\/product_tag?post=18451"}],"curies":[{"name":"wp","href":"https:\/\/api.w.org\/{rel}","templated":true}]}}