{"id":18452,"date":"2024-02-08T19:19:18","date_gmt":"2024-02-08T18:19:18","guid":{"rendered":"https:\/\/eterle.cz\/eshop\/produkt\/zamyslena-dama-dux\/"},"modified":"2025-02-16T02:48:54","modified_gmt":"2025-02-16T01:48:54","slug":"zamyslena-dama-dux","status":"publish","type":"product","link":"https:\/\/eterle.cz\/eshop\/produkt\/zamyslena-dama-dux\/","title":{"rendered":"Zamy\u0161len\u00e1 d\u00e1ma \/ Dux"},"content":{"rendered":"<p>V\u011bt\u0161\u00ed so\u0161ka aktu zamy\u0161len\u00e9 d\u00e1my z 60. let minul\u00e9ho sotlet\u00ed. Autora \u010di jin\u00e9 informace se n\u00e1m nepoda\u0159ilo dohledat.<\/p>\n<p>Stav: nov\u00e1<br \/>\nZna\u010dka: Dux<br \/>\nRozm\u011br<br \/>\nV\u00fd\u0161ka: 27 cm<br \/>\n\u0160\u00ed\u0159ka: 14 cm<\/p>\n","protected":false},"excerpt":{"rendered":"<p>V\u011bt\u0161\u00ed so\u0161ka aktu zamy\u0161len\u00e9 d\u00e1my z 60. let minul\u00e9ho sotlet\u00ed. Autora \u010di jin\u00e9 informace se n\u00e1m nepoda\u0159ilo dohledat. Stav: nov\u00e1<\/p>\n","protected":false},"featured_media":18160,"template":"","meta":[],"product_brand":[153],"product_cat":[91],"product_tag":[],"class_list":{"0":"post-18452","1":"product","2":"type-product","3":"status-publish","4":"has-post-thumbnail","6":"product_brand-eterle-cz","7":"product_cat-prodane","9":"first","10":"outofstock","11":"purchasable","12":"product-type-simple"},"_links":{"self":[{"href":"https:\/\/eterle.cz\/eshop\/wp-json\/wp\/v2\/product\/18452","targetHints":{"allow":["GET"]}}],"collection":[{"href":"https:\/\/eterle.cz\/eshop\/wp-json\/wp\/v2\/product"}],"about":[{"href":"https:\/\/eterle.cz\/eshop\/wp-json\/wp\/v2\/types\/product"}],"version-history":[{"count":0,"href":"https:\/\/eterle.cz\/eshop\/wp-json\/wp\/v2\/product\/18452\/revisions"}],"wp:featuredmedia":[{"embeddable":true,"href":"https:\/\/eterle.cz\/eshop\/wp-json\/wp\/v2\/media\/18160"}],"wp:attachment":[{"href":"https:\/\/eterle.cz\/eshop\/wp-json\/wp\/v2\/media?parent=18452"}],"wp:term":[{"taxonomy":"product_brand","embeddable":true,"href":"https:\/\/eterle.cz\/eshop\/wp-json\/wp\/v2\/product_brand?post=18452"},{"taxonomy":"product_cat","embeddable":true,"href":"https:\/\/eterle.cz\/eshop\/wp-json\/wp\/v2\/product_cat?post=18452"},{"taxonomy":"product_tag","embeddable":true,"href":"https:\/\/eterle.cz\/eshop\/wp-json\/wp\/v2\/product_tag?post=18452"}],"curies":[{"name":"wp","href":"https:\/\/api.w.org\/{rel}","templated":true}]}}