{"id":18454,"date":"2024-02-08T19:19:30","date_gmt":"2024-02-08T18:19:30","guid":{"rendered":"https:\/\/eterle.cz\/eshop\/produkt\/kocka-cerna-dux\/"},"modified":"2025-02-16T02:48:53","modified_gmt":"2025-02-16T01:48:53","slug":"kocka-cerna-dux","status":"publish","type":"product","link":"https:\/\/eterle.cz\/eshop\/produkt\/kocka-cerna-dux\/","title":{"rendered":"Ko\u010dka \u010dern\u00e1 \/ Dux"},"content":{"rendered":"<p>Mal\u00e1 roztomil\u00e1 ko\u010dka z porcel\u00e1nky Royal Dux vhodn\u00e1 jako mil\u00e1 pozornost pro milovn\u00edky ko\u010dek \u010di milovn\u00edky Duxu.<\/p>\n<p>Stav: nov\u00fd<br \/>\nZna\u010dka: Dux<br \/>\nRozm\u011br<br \/>\nV\u00fd\u0161ka: 8 cm<br \/>\n\u0160\u00ed\u0159ka: 6 cm<\/p>\n","protected":false},"excerpt":{"rendered":"<p>Mal\u00e1 roztomil\u00e1 ko\u010dka z porcel\u00e1nky Royal Dux vhodn\u00e1 jako mil\u00e1 pozornost pro milovn\u00edky ko\u010dek \u010di milovn\u00edky Duxu. Stav: nov\u00fd Zna\u010dka:<\/p>\n","protected":false},"featured_media":18171,"template":"","meta":[],"product_brand":[153],"product_cat":[91],"product_tag":[],"class_list":{"0":"post-18454","1":"product","2":"type-product","3":"status-publish","4":"has-post-thumbnail","6":"product_brand-eterle-cz","7":"product_cat-prodane","9":"first","10":"outofstock","11":"purchasable","12":"product-type-simple"},"_links":{"self":[{"href":"https:\/\/eterle.cz\/eshop\/wp-json\/wp\/v2\/product\/18454","targetHints":{"allow":["GET"]}}],"collection":[{"href":"https:\/\/eterle.cz\/eshop\/wp-json\/wp\/v2\/product"}],"about":[{"href":"https:\/\/eterle.cz\/eshop\/wp-json\/wp\/v2\/types\/product"}],"version-history":[{"count":0,"href":"https:\/\/eterle.cz\/eshop\/wp-json\/wp\/v2\/product\/18454\/revisions"}],"wp:featuredmedia":[{"embeddable":true,"href":"https:\/\/eterle.cz\/eshop\/wp-json\/wp\/v2\/media\/18171"}],"wp:attachment":[{"href":"https:\/\/eterle.cz\/eshop\/wp-json\/wp\/v2\/media?parent=18454"}],"wp:term":[{"taxonomy":"product_brand","embeddable":true,"href":"https:\/\/eterle.cz\/eshop\/wp-json\/wp\/v2\/product_brand?post=18454"},{"taxonomy":"product_cat","embeddable":true,"href":"https:\/\/eterle.cz\/eshop\/wp-json\/wp\/v2\/product_cat?post=18454"},{"taxonomy":"product_tag","embeddable":true,"href":"https:\/\/eterle.cz\/eshop\/wp-json\/wp\/v2\/product_tag?post=18454"}],"curies":[{"name":"wp","href":"https:\/\/api.w.org\/{rel}","templated":true}]}}