{"id":18455,"date":"2024-02-08T19:19:40","date_gmt":"2024-02-08T18:19:40","guid":{"rendered":"https:\/\/eterle.cz\/eshop\/produkt\/dama-s-vejirem-dux\/"},"modified":"2025-02-16T02:48:53","modified_gmt":"2025-02-16T01:48:53","slug":"dama-s-vejirem-dux","status":"publish","type":"product","link":"https:\/\/eterle.cz\/eshop\/produkt\/dama-s-vejirem-dux\/","title":{"rendered":"D\u00e1ma s v\u011bj\u00ed\u0159em \/ Dux"},"content":{"rendered":"<p>So\u0161ka subtiln\u00ed d\u00e1my s v\u011bj\u00ed\u0159em z produkce porcel\u00e1nyk Royal Dux.<\/p>\n<p>Stav: nov\u00fd<br \/>\nZna\u010dka: Dux<br \/>\nRozm\u011br<br \/>\nV\u00fd\u0161ka: 22 cm<br \/>\n\u0160\u00ed\u0159ka: 6 cm<\/p>\n","protected":false},"excerpt":{"rendered":"<p>So\u0161ka subtiln\u00ed d\u00e1my s v\u011bj\u00ed\u0159em z produkce porcel\u00e1nyk Royal Dux. Stav: nov\u00fd Zna\u010dka: Dux Rozm\u011br V\u00fd\u0161ka: 22 cm \u0160\u00ed\u0159ka: 6<\/p>\n","protected":false},"featured_media":18176,"template":"","meta":[],"product_brand":[153],"product_cat":[91],"product_tag":[],"class_list":{"0":"post-18455","1":"product","2":"type-product","3":"status-publish","4":"has-post-thumbnail","6":"product_brand-eterle-cz","7":"product_cat-prodane","9":"first","10":"outofstock","11":"purchasable","12":"product-type-simple"},"_links":{"self":[{"href":"https:\/\/eterle.cz\/eshop\/wp-json\/wp\/v2\/product\/18455","targetHints":{"allow":["GET"]}}],"collection":[{"href":"https:\/\/eterle.cz\/eshop\/wp-json\/wp\/v2\/product"}],"about":[{"href":"https:\/\/eterle.cz\/eshop\/wp-json\/wp\/v2\/types\/product"}],"version-history":[{"count":0,"href":"https:\/\/eterle.cz\/eshop\/wp-json\/wp\/v2\/product\/18455\/revisions"}],"wp:featuredmedia":[{"embeddable":true,"href":"https:\/\/eterle.cz\/eshop\/wp-json\/wp\/v2\/media\/18176"}],"wp:attachment":[{"href":"https:\/\/eterle.cz\/eshop\/wp-json\/wp\/v2\/media?parent=18455"}],"wp:term":[{"taxonomy":"product_brand","embeddable":true,"href":"https:\/\/eterle.cz\/eshop\/wp-json\/wp\/v2\/product_brand?post=18455"},{"taxonomy":"product_cat","embeddable":true,"href":"https:\/\/eterle.cz\/eshop\/wp-json\/wp\/v2\/product_cat?post=18455"},{"taxonomy":"product_tag","embeddable":true,"href":"https:\/\/eterle.cz\/eshop\/wp-json\/wp\/v2\/product_tag?post=18455"}],"curies":[{"name":"wp","href":"https:\/\/api.w.org\/{rel}","templated":true}]}}