{"id":18456,"date":"2024-02-08T19:19:47","date_gmt":"2024-02-08T18:19:47","guid":{"rendered":"https:\/\/eterle.cz\/eshop\/produkt\/vodni-ptak-dux\/"},"modified":"2026-04-13T14:55:37","modified_gmt":"2026-04-13T12:55:37","slug":"vodni-ptak-dux","status":"publish","type":"product","link":"https:\/\/eterle.cz\/eshop\/produkt\/vodni-ptak-dux\/","title":{"rendered":"Vodn\u00ed pt\u00e1k \/ Dux"},"content":{"rendered":"<p>Figurku vodn\u00edho pt\u00e1ka vytvo\u0159il Jaroslav Je\u017eek na po\u010d\u00e1tku \u0161edes\u00e1t\u00fdch let. Pro Je\u017ekovu tvorbu v tomto obdob\u00ed byly typick\u00e9 otvory v hlav\u00e1ch zv\u00ed\u0159at evokuj\u00edc\u00ed o\u010di. K\u0159\u00eddla jsou nazna\u010dena ornamentem v negativn\u00edm reli\u00e9fu. Vodn\u00ed p\u00e1k pat\u0159\u00ed mezi m\u00e1lo b\u011b\u017en\u00e9 figurky Jaroslava Je\u017eka.<\/p>\n<p>Stav: nov\u00fd<br \/>\nZna\u010dka: Dux, Jaroslav Je\u017eek<br \/>\nRozm\u011br<br \/>\nV\u00fd\u0161ka: 14 cm<br \/>\n\u0160\u00ed\u0159ka: 12 cm<\/p>\n","protected":false},"excerpt":{"rendered":"<p>Figurku vodn\u00edho pt\u00e1ka vytvo\u0159il Jaroslav Je\u017eek na po\u010d\u00e1tku \u0161edes\u00e1t\u00fdch let. Pro Je\u017ekovu tvorbu v tomto obdob\u00ed byly typick\u00e9 otvory v<\/p>\n","protected":false},"featured_media":18181,"template":"","meta":[],"product_brand":[153],"product_cat":[91],"product_tag":[],"class_list":{"0":"post-18456","1":"product","2":"type-product","3":"status-publish","4":"has-post-thumbnail","6":"product_brand-eterle-cz","7":"product_cat-prodane","9":"first","10":"outofstock","11":"purchasable","12":"product-type-simple"},"_links":{"self":[{"href":"https:\/\/eterle.cz\/eshop\/wp-json\/wp\/v2\/product\/18456","targetHints":{"allow":["GET"]}}],"collection":[{"href":"https:\/\/eterle.cz\/eshop\/wp-json\/wp\/v2\/product"}],"about":[{"href":"https:\/\/eterle.cz\/eshop\/wp-json\/wp\/v2\/types\/product"}],"version-history":[{"count":1,"href":"https:\/\/eterle.cz\/eshop\/wp-json\/wp\/v2\/product\/18456\/revisions"}],"predecessor-version":[{"id":35495,"href":"https:\/\/eterle.cz\/eshop\/wp-json\/wp\/v2\/product\/18456\/revisions\/35495"}],"wp:featuredmedia":[{"embeddable":true,"href":"https:\/\/eterle.cz\/eshop\/wp-json\/wp\/v2\/media\/18181"}],"wp:attachment":[{"href":"https:\/\/eterle.cz\/eshop\/wp-json\/wp\/v2\/media?parent=18456"}],"wp:term":[{"taxonomy":"product_brand","embeddable":true,"href":"https:\/\/eterle.cz\/eshop\/wp-json\/wp\/v2\/product_brand?post=18456"},{"taxonomy":"product_cat","embeddable":true,"href":"https:\/\/eterle.cz\/eshop\/wp-json\/wp\/v2\/product_cat?post=18456"},{"taxonomy":"product_tag","embeddable":true,"href":"https:\/\/eterle.cz\/eshop\/wp-json\/wp\/v2\/product_tag?post=18456"}],"curies":[{"name":"wp","href":"https:\/\/api.w.org\/{rel}","templated":true}]}}