{"id":18457,"date":"2024-02-08T19:19:53","date_gmt":"2024-02-08T18:19:53","guid":{"rendered":"https:\/\/eterle.cz\/eshop\/produkt\/strevicek-leander\/"},"modified":"2025-02-16T02:47:58","modified_gmt":"2025-02-16T01:47:58","slug":"strevicek-leander","status":"publish","type":"product","link":"https:\/\/eterle.cz\/eshop\/produkt\/strevicek-leander\/","title":{"rendered":"St\u0159ev\u00ed\u010dek \/ Leander"},"content":{"rendered":"<p>D\u00e1msk\u00e1 bota ze s\u00e9rie Rose line od \u010desk\u00e9 porcel\u00e1nky Leander. Vhodn\u00e9 jako d\u00e1rek pro milovn\u00edky bot nebo porcel\u00e1nu.<\/p>\n<p>Stav: nov\u00fd<br \/>\nZna\u010dka: Leander<br \/>\nRozm\u011br<br \/>\nV\u00fd\u0161ka: 15 cm<br \/>\nD\u00e9lka: 22 cm<\/p>\n","protected":false},"excerpt":{"rendered":"<p>D\u00e1msk\u00e1 bota ze s\u00e9rie Rose line od \u010desk\u00e9 porcel\u00e1nky Leander. Vhodn\u00e9 jako d\u00e1rek pro milovn\u00edky bot nebo porcel\u00e1nu. Stav: nov\u00fd<\/p>\n","protected":false},"featured_media":18186,"template":"","meta":[],"product_brand":[153],"product_cat":[91],"product_tag":[],"class_list":{"0":"post-18457","1":"product","2":"type-product","3":"status-publish","4":"has-post-thumbnail","6":"product_brand-eterle-cz","7":"product_cat-prodane","9":"first","10":"outofstock","11":"purchasable","12":"product-type-simple"},"_links":{"self":[{"href":"https:\/\/eterle.cz\/eshop\/wp-json\/wp\/v2\/product\/18457","targetHints":{"allow":["GET"]}}],"collection":[{"href":"https:\/\/eterle.cz\/eshop\/wp-json\/wp\/v2\/product"}],"about":[{"href":"https:\/\/eterle.cz\/eshop\/wp-json\/wp\/v2\/types\/product"}],"version-history":[{"count":0,"href":"https:\/\/eterle.cz\/eshop\/wp-json\/wp\/v2\/product\/18457\/revisions"}],"wp:featuredmedia":[{"embeddable":true,"href":"https:\/\/eterle.cz\/eshop\/wp-json\/wp\/v2\/media\/18186"}],"wp:attachment":[{"href":"https:\/\/eterle.cz\/eshop\/wp-json\/wp\/v2\/media?parent=18457"}],"wp:term":[{"taxonomy":"product_brand","embeddable":true,"href":"https:\/\/eterle.cz\/eshop\/wp-json\/wp\/v2\/product_brand?post=18457"},{"taxonomy":"product_cat","embeddable":true,"href":"https:\/\/eterle.cz\/eshop\/wp-json\/wp\/v2\/product_cat?post=18457"},{"taxonomy":"product_tag","embeddable":true,"href":"https:\/\/eterle.cz\/eshop\/wp-json\/wp\/v2\/product_tag?post=18457"}],"curies":[{"name":"wp","href":"https:\/\/api.w.org\/{rel}","templated":true}]}}