{"id":18458,"date":"2024-02-08T19:20:00","date_gmt":"2024-02-08T18:20:00","guid":{"rendered":"https:\/\/eterle.cz\/eshop\/produkt\/velky-mosazny-svicen\/"},"modified":"2025-02-16T02:47:58","modified_gmt":"2025-02-16T01:47:58","slug":"velky-mosazny-svicen","status":"publish","type":"product","link":"https:\/\/eterle.cz\/eshop\/produkt\/velky-mosazny-svicen\/","title":{"rendered":"Velk\u00fd mosazn\u00fd sv\u00edcen"},"content":{"rendered":"<p>Velk\u00fd mosazn\u00fd \u010dty\u0159ramenn\u00fd sv\u00edcen bude nep\u0159ehl\u00e9dnutelnou ozdobou va\u0161eho interi\u00e9ru.<\/p>\n<p>Stav: dobr\u00fd s patinou, nepo\u0161kozen<br \/>\nRozm\u011br<br \/>\nV\u00fd\u0161ka: 68 cm<br \/>\n\u0160\u00ed\u0159ka: 51 cm<\/p>\n","protected":false},"excerpt":{"rendered":"<p>Velk\u00fd mosazn\u00fd \u010dty\u0159ramenn\u00fd sv\u00edcen bude nep\u0159ehl\u00e9dnutelnou ozdobou va\u0161eho interi\u00e9ru. Stav: dobr\u00fd s patinou, nepo\u0161kozen Rozm\u011br V\u00fd\u0161ka: 68 cm \u0160\u00ed\u0159ka: 51<\/p>\n","protected":false},"featured_media":18191,"template":"","meta":[],"product_brand":[153],"product_cat":[91],"product_tag":[],"class_list":{"0":"post-18458","1":"product","2":"type-product","3":"status-publish","4":"has-post-thumbnail","6":"product_brand-eterle-cz","7":"product_cat-prodane","8":"product_shipping_class-nadrozmerne","10":"first","11":"outofstock","12":"purchasable","13":"product-type-simple"},"_links":{"self":[{"href":"https:\/\/eterle.cz\/eshop\/wp-json\/wp\/v2\/product\/18458","targetHints":{"allow":["GET"]}}],"collection":[{"href":"https:\/\/eterle.cz\/eshop\/wp-json\/wp\/v2\/product"}],"about":[{"href":"https:\/\/eterle.cz\/eshop\/wp-json\/wp\/v2\/types\/product"}],"version-history":[{"count":0,"href":"https:\/\/eterle.cz\/eshop\/wp-json\/wp\/v2\/product\/18458\/revisions"}],"wp:featuredmedia":[{"embeddable":true,"href":"https:\/\/eterle.cz\/eshop\/wp-json\/wp\/v2\/media\/18191"}],"wp:attachment":[{"href":"https:\/\/eterle.cz\/eshop\/wp-json\/wp\/v2\/media?parent=18458"}],"wp:term":[{"taxonomy":"product_brand","embeddable":true,"href":"https:\/\/eterle.cz\/eshop\/wp-json\/wp\/v2\/product_brand?post=18458"},{"taxonomy":"product_cat","embeddable":true,"href":"https:\/\/eterle.cz\/eshop\/wp-json\/wp\/v2\/product_cat?post=18458"},{"taxonomy":"product_tag","embeddable":true,"href":"https:\/\/eterle.cz\/eshop\/wp-json\/wp\/v2\/product_tag?post=18458"}],"curies":[{"name":"wp","href":"https:\/\/api.w.org\/{rel}","templated":true}]}}