{"id":18459,"date":"2024-02-08T19:20:05","date_gmt":"2024-02-08T18:20:05","guid":{"rendered":"https:\/\/eterle.cz\/eshop\/produkt\/dreveny-svicen-bily\/"},"modified":"2025-11-07T08:56:49","modified_gmt":"2025-11-07T07:56:49","slug":"dreveny-svicen-bily","status":"publish","type":"product","link":"https:\/\/eterle.cz\/eshop\/produkt\/dreveny-svicen-bily\/","title":{"rendered":"D\u0159ev\u011bn\u00fd sv\u00edcen b\u00edl\u00fd"},"content":{"rendered":"<p>D\u0159ev\u011bn\u00fd soustru\u017een\u00fd sv\u00edcen se z\u00e1m\u011brnou patinou, pravd\u011bpodobn\u011b ru\u010dn\u00ed v\u00fdroba z Indie.<\/p>\n<p>Stav: cht\u011bn\u00e1 patina (barva m\u00edsty sed\u0159en\u00e1, drobn\u00e9 nedostatky na d\u0159evu)<br \/>\nRozm\u011br<br \/>\nV\u00fd\u0161ka: 28 cm<br \/>\n\u0160\u00ed\u0159ka: 5 cm<br \/>\nOtvor na sv\u00ed\u010dku: 2,5 cm<\/p>\n","protected":false},"excerpt":{"rendered":"<p>D\u0159ev\u011bn\u00fd soustru\u017een\u00fd sv\u00edcen se z\u00e1m\u011brnou patinou, pravd\u011bpodobn\u011b ru\u010dn\u00ed v\u00fdroba z Indie. Stav: cht\u011bn\u00e1 patina (barva m\u00edsty sed\u0159en\u00e1, drobn\u00e9 nedostatky na<\/p>\n","protected":false},"featured_media":18198,"template":"","meta":[],"product_brand":[153],"product_cat":[80,135],"product_tag":[],"class_list":{"0":"post-18459","1":"product","2":"type-product","3":"status-publish","4":"has-post-thumbnail","6":"product_brand-eterle-cz","7":"product_cat-dekorace","8":"product_cat-svicny","10":"first","11":"instock","12":"purchasable","13":"product-type-simple"},"_links":{"self":[{"href":"https:\/\/eterle.cz\/eshop\/wp-json\/wp\/v2\/product\/18459","targetHints":{"allow":["GET"]}}],"collection":[{"href":"https:\/\/eterle.cz\/eshop\/wp-json\/wp\/v2\/product"}],"about":[{"href":"https:\/\/eterle.cz\/eshop\/wp-json\/wp\/v2\/types\/product"}],"version-history":[{"count":1,"href":"https:\/\/eterle.cz\/eshop\/wp-json\/wp\/v2\/product\/18459\/revisions"}],"predecessor-version":[{"id":26392,"href":"https:\/\/eterle.cz\/eshop\/wp-json\/wp\/v2\/product\/18459\/revisions\/26392"}],"wp:featuredmedia":[{"embeddable":true,"href":"https:\/\/eterle.cz\/eshop\/wp-json\/wp\/v2\/media\/18198"}],"wp:attachment":[{"href":"https:\/\/eterle.cz\/eshop\/wp-json\/wp\/v2\/media?parent=18459"}],"wp:term":[{"taxonomy":"product_brand","embeddable":true,"href":"https:\/\/eterle.cz\/eshop\/wp-json\/wp\/v2\/product_brand?post=18459"},{"taxonomy":"product_cat","embeddable":true,"href":"https:\/\/eterle.cz\/eshop\/wp-json\/wp\/v2\/product_cat?post=18459"},{"taxonomy":"product_tag","embeddable":true,"href":"https:\/\/eterle.cz\/eshop\/wp-json\/wp\/v2\/product_tag?post=18459"}],"curies":[{"name":"wp","href":"https:\/\/api.w.org\/{rel}","templated":true}]}}