{"id":18460,"date":"2024-02-08T19:20:11","date_gmt":"2024-02-08T18:20:11","guid":{"rendered":"https:\/\/eterle.cz\/eshop\/produkt\/dreveny-svicen-sedy\/"},"modified":"2026-02-16T22:16:23","modified_gmt":"2026-02-16T21:16:23","slug":"dreveny-svicen-sedy","status":"publish","type":"product","link":"https:\/\/eterle.cz\/eshop\/produkt\/dreveny-svicen-sedy\/","title":{"rendered":"D\u0159ev\u011bn\u00fd sv\u00edcen \u0161ed\u00fd"},"content":{"rendered":"<p>D\u0159ev\u011bn\u00fd soustru\u017een\u00fd sv\u00edcen se z\u00e1m\u011brnou patinou, pravd\u011bpodobn\u011b ru\u010dn\u00ed v\u00fdroba z Indie.<\/p>\n<p>Stav: cht\u011bn\u00e1 patina (barva m\u00edsty sed\u0159en\u00e1, drobn\u00e9 nedostatky na d\u0159evu)<br \/>\nRozm\u011br<br \/>\nV\u00fd\u0161ka: 28 cm<br \/>\n\u0160\u00ed\u0159ka: 5 cm<br \/>\nOtvor na sv\u00ed\u010dku: 2,5 cm<\/p>\n","protected":false},"excerpt":{"rendered":"<p>D\u0159ev\u011bn\u00fd soustru\u017een\u00fd sv\u00edcen se z\u00e1m\u011brnou patinou, pravd\u011bpodobn\u011b ru\u010dn\u00ed v\u00fdroba z Indie. Stav: cht\u011bn\u00e1 patina (barva m\u00edsty sed\u0159en\u00e1, drobn\u00e9 nedostatky na<\/p>\n","protected":false},"featured_media":18203,"template":"","meta":[],"product_brand":[153],"product_cat":[80,135],"product_tag":[],"class_list":{"0":"post-18460","1":"product","2":"type-product","3":"status-publish","4":"has-post-thumbnail","6":"product_brand-eterle-cz","7":"product_cat-dekorace","8":"product_cat-svicny","10":"first","11":"instock","12":"purchasable","13":"product-type-simple"},"_links":{"self":[{"href":"https:\/\/eterle.cz\/eshop\/wp-json\/wp\/v2\/product\/18460","targetHints":{"allow":["GET"]}}],"collection":[{"href":"https:\/\/eterle.cz\/eshop\/wp-json\/wp\/v2\/product"}],"about":[{"href":"https:\/\/eterle.cz\/eshop\/wp-json\/wp\/v2\/types\/product"}],"version-history":[{"count":1,"href":"https:\/\/eterle.cz\/eshop\/wp-json\/wp\/v2\/product\/18460\/revisions"}],"predecessor-version":[{"id":26391,"href":"https:\/\/eterle.cz\/eshop\/wp-json\/wp\/v2\/product\/18460\/revisions\/26391"}],"wp:featuredmedia":[{"embeddable":true,"href":"https:\/\/eterle.cz\/eshop\/wp-json\/wp\/v2\/media\/18203"}],"wp:attachment":[{"href":"https:\/\/eterle.cz\/eshop\/wp-json\/wp\/v2\/media?parent=18460"}],"wp:term":[{"taxonomy":"product_brand","embeddable":true,"href":"https:\/\/eterle.cz\/eshop\/wp-json\/wp\/v2\/product_brand?post=18460"},{"taxonomy":"product_cat","embeddable":true,"href":"https:\/\/eterle.cz\/eshop\/wp-json\/wp\/v2\/product_cat?post=18460"},{"taxonomy":"product_tag","embeddable":true,"href":"https:\/\/eterle.cz\/eshop\/wp-json\/wp\/v2\/product_tag?post=18460"}],"curies":[{"name":"wp","href":"https:\/\/api.w.org\/{rel}","templated":true}]}}