{"id":18461,"date":"2024-02-08T19:20:16","date_gmt":"2024-02-08T18:20:16","guid":{"rendered":"https:\/\/eterle.cz\/eshop\/produkt\/kosik-art-deco\/"},"modified":"2025-02-16T02:47:57","modified_gmt":"2025-02-16T01:47:57","slug":"kosik-art-deco","status":"publish","type":"product","link":"https:\/\/eterle.cz\/eshop\/produkt\/kosik-art-deco\/","title":{"rendered":"Ko\u0161\u00edk art deco"},"content":{"rendered":"<p>Kr\u00e1sn\u00fd art deco ko\u0161\u00edk z alpaky vhodn\u00fd t\u0159eba na ovoce jako alternativa o\u0161atky.<\/p>\n<p>Stav: patina, nepo\u0161kozen\u00fd<br \/>\nRozm\u011br<br \/>\nV\u00fd\u0161ka: 11 cm (bez ucha)<br \/>\n\u0160\u00ed\u0159ka: 25 cm<br \/>\nHloubka: 20 cm<\/p>\n","protected":false},"excerpt":{"rendered":"<p>Kr\u00e1sn\u00fd art deco ko\u0161\u00edk z alpaky vhodn\u00fd t\u0159eba na ovoce jako alternativa o\u0161atky. Stav: patina, nepo\u0161kozen\u00fd Rozm\u011br V\u00fd\u0161ka: 11 cm<\/p>\n","protected":false},"featured_media":18209,"template":"","meta":[],"product_brand":[153],"product_cat":[91],"product_tag":[],"class_list":{"0":"post-18461","1":"product","2":"type-product","3":"status-publish","4":"has-post-thumbnail","6":"product_brand-eterle-cz","7":"product_cat-prodane","9":"first","10":"outofstock","11":"purchasable","12":"product-type-simple"},"_links":{"self":[{"href":"https:\/\/eterle.cz\/eshop\/wp-json\/wp\/v2\/product\/18461","targetHints":{"allow":["GET"]}}],"collection":[{"href":"https:\/\/eterle.cz\/eshop\/wp-json\/wp\/v2\/product"}],"about":[{"href":"https:\/\/eterle.cz\/eshop\/wp-json\/wp\/v2\/types\/product"}],"version-history":[{"count":0,"href":"https:\/\/eterle.cz\/eshop\/wp-json\/wp\/v2\/product\/18461\/revisions"}],"wp:featuredmedia":[{"embeddable":true,"href":"https:\/\/eterle.cz\/eshop\/wp-json\/wp\/v2\/media\/18209"}],"wp:attachment":[{"href":"https:\/\/eterle.cz\/eshop\/wp-json\/wp\/v2\/media?parent=18461"}],"wp:term":[{"taxonomy":"product_brand","embeddable":true,"href":"https:\/\/eterle.cz\/eshop\/wp-json\/wp\/v2\/product_brand?post=18461"},{"taxonomy":"product_cat","embeddable":true,"href":"https:\/\/eterle.cz\/eshop\/wp-json\/wp\/v2\/product_cat?post=18461"},{"taxonomy":"product_tag","embeddable":true,"href":"https:\/\/eterle.cz\/eshop\/wp-json\/wp\/v2\/product_tag?post=18461"}],"curies":[{"name":"wp","href":"https:\/\/api.w.org\/{rel}","templated":true}]}}