{"id":18463,"date":"2024-02-08T19:20:27","date_gmt":"2024-02-08T18:20:27","guid":{"rendered":"https:\/\/eterle.cz\/eshop\/produkt\/dve-sklenice-na-vino-laure-japa\/"},"modified":"2025-02-16T02:47:56","modified_gmt":"2025-02-16T01:47:56","slug":"dve-sklenice-na-vino-laure-japa","status":"publish","type":"product","link":"https:\/\/eterle.cz\/eshop\/produkt\/dve-sklenice-na-vino-laure-japa\/","title":{"rendered":"Dv\u011b sklenice na v\u00edno \/ Laure Japa"},"content":{"rendered":"<p>Dv\u011b sklenice na v\u00edno na zj\u00edmav\u011b kroucen\u00e9 smaragdov\u011b zelen\u00e9 stopce. Kalich p\u0159ipom\u00edn\u00e1 vzorem strukturu ananasu. Sklenice poch\u00e1z\u00ed od francouzsk\u00e9 zna\u010dky Laure Japy.<\/p>\n<p>Stav: velmi dobr\u00fd<br \/>\nZna\u010dka: Laure Japy, Paris<br \/>\nRozm\u011br<br \/>\nV\u00fd\u0161ka: 20 cm<br \/>\nObjem: 200 ml<\/p>\n","protected":false},"excerpt":{"rendered":"<p>Dv\u011b sklenice na v\u00edno na zj\u00edmav\u011b kroucen\u00e9 smaragdov\u011b zelen\u00e9 stopce. Kalich p\u0159ipom\u00edn\u00e1 vzorem strukturu ananasu. Sklenice poch\u00e1z\u00ed od francouzsk\u00e9 zna\u010dky<\/p>\n","protected":false},"featured_media":18226,"template":"","meta":[],"product_brand":[153],"product_cat":[91],"product_tag":[],"class_list":{"0":"post-18463","1":"product","2":"type-product","3":"status-publish","4":"has-post-thumbnail","6":"product_brand-eterle-cz","7":"product_cat-prodane","9":"first","10":"outofstock","11":"purchasable","12":"product-type-simple"},"_links":{"self":[{"href":"https:\/\/eterle.cz\/eshop\/wp-json\/wp\/v2\/product\/18463","targetHints":{"allow":["GET"]}}],"collection":[{"href":"https:\/\/eterle.cz\/eshop\/wp-json\/wp\/v2\/product"}],"about":[{"href":"https:\/\/eterle.cz\/eshop\/wp-json\/wp\/v2\/types\/product"}],"version-history":[{"count":0,"href":"https:\/\/eterle.cz\/eshop\/wp-json\/wp\/v2\/product\/18463\/revisions"}],"wp:featuredmedia":[{"embeddable":true,"href":"https:\/\/eterle.cz\/eshop\/wp-json\/wp\/v2\/media\/18226"}],"wp:attachment":[{"href":"https:\/\/eterle.cz\/eshop\/wp-json\/wp\/v2\/media?parent=18463"}],"wp:term":[{"taxonomy":"product_brand","embeddable":true,"href":"https:\/\/eterle.cz\/eshop\/wp-json\/wp\/v2\/product_brand?post=18463"},{"taxonomy":"product_cat","embeddable":true,"href":"https:\/\/eterle.cz\/eshop\/wp-json\/wp\/v2\/product_cat?post=18463"},{"taxonomy":"product_tag","embeddable":true,"href":"https:\/\/eterle.cz\/eshop\/wp-json\/wp\/v2\/product_tag?post=18463"}],"curies":[{"name":"wp","href":"https:\/\/api.w.org\/{rel}","templated":true}]}}