{"id":18466,"date":"2024-02-08T19:20:52","date_gmt":"2024-02-08T18:20:52","guid":{"rendered":"https:\/\/eterle.cz\/eshop\/produkt\/lisovana-misa\/"},"modified":"2025-06-24T01:54:37","modified_gmt":"2025-06-23T23:54:37","slug":"lisovana-misa","status":"publish","type":"product","link":"https:\/\/eterle.cz\/eshop\/produkt\/lisovana-misa\/","title":{"rendered":"Lisovan\u00e1 m\u00edsa"},"content":{"rendered":"<p>M\u00edsa z lisovan\u00e9ho skla po obvodu zdobena malbou zlat\u00fdch kv\u011bt\u016f p\u0159ekryt\u00fdch sklen\u011bn\u00fdm prachem, co\u017e dod\u00e1v\u00e1 matn\u00fd dojem.<\/p>\n<p>Stav: velmi dobr\u00fd<br \/>\nRozm\u011br<br \/>\nV\u00fd\u0161ka: 9 cm<br \/>\nPr\u016fm\u011br: 23,5 cm<\/p>\n","protected":false},"excerpt":{"rendered":"<p>M\u00edsa z lisovan\u00e9ho skla po obvodu zdobena malbou zlat\u00fdch kv\u011bt\u016f p\u0159ekryt\u00fdch sklen\u011bn\u00fdm prachem, co\u017e dod\u00e1v\u00e1 matn\u00fd dojem. Stav: velmi dobr\u00fd<\/p>\n","protected":false},"featured_media":18241,"template":"","meta":[],"product_brand":[153],"product_cat":[75,133],"product_tag":[],"class_list":{"0":"post-18466","1":"product","2":"type-product","3":"status-publish","4":"has-post-thumbnail","6":"product_brand-eterle-cz","7":"product_cat-sklo","8":"product_cat-misy-sklo","10":"first","11":"instock","12":"purchasable","13":"product-type-simple"},"_links":{"self":[{"href":"https:\/\/eterle.cz\/eshop\/wp-json\/wp\/v2\/product\/18466","targetHints":{"allow":["GET"]}}],"collection":[{"href":"https:\/\/eterle.cz\/eshop\/wp-json\/wp\/v2\/product"}],"about":[{"href":"https:\/\/eterle.cz\/eshop\/wp-json\/wp\/v2\/types\/product"}],"version-history":[{"count":1,"href":"https:\/\/eterle.cz\/eshop\/wp-json\/wp\/v2\/product\/18466\/revisions"}],"predecessor-version":[{"id":26390,"href":"https:\/\/eterle.cz\/eshop\/wp-json\/wp\/v2\/product\/18466\/revisions\/26390"}],"wp:featuredmedia":[{"embeddable":true,"href":"https:\/\/eterle.cz\/eshop\/wp-json\/wp\/v2\/media\/18241"}],"wp:attachment":[{"href":"https:\/\/eterle.cz\/eshop\/wp-json\/wp\/v2\/media?parent=18466"}],"wp:term":[{"taxonomy":"product_brand","embeddable":true,"href":"https:\/\/eterle.cz\/eshop\/wp-json\/wp\/v2\/product_brand?post=18466"},{"taxonomy":"product_cat","embeddable":true,"href":"https:\/\/eterle.cz\/eshop\/wp-json\/wp\/v2\/product_cat?post=18466"},{"taxonomy":"product_tag","embeddable":true,"href":"https:\/\/eterle.cz\/eshop\/wp-json\/wp\/v2\/product_tag?post=18466"}],"curies":[{"name":"wp","href":"https:\/\/api.w.org\/{rel}","templated":true}]}}