{"id":18467,"date":"2024-02-08T19:20:57","date_gmt":"2024-02-08T18:20:57","guid":{"rendered":"https:\/\/eterle.cz\/eshop\/produkt\/sklenena-misa-rosenthal\/"},"modified":"2025-06-24T01:54:37","modified_gmt":"2025-06-23T23:54:37","slug":"sklenena-misa-rosenthal","status":"publish","type":"product","link":"https:\/\/eterle.cz\/eshop\/produkt\/sklenena-misa-rosenthal\/","title":{"rendered":"Sklen\u011bn\u00e1 m\u00edsa \/ Rosenthal"},"content":{"rendered":"<p>Kr\u00e1sn\u00e1 hlubok\u00e1 sklen\u011bn\u00e1 m\u00edsa od n\u011bmeck\u00e9 porcle\u00e1nky Rosenthal zdoben\u00e1 ru\u010dn\u011b malovan\u00fdmi kv\u011bty v pastelov\u00fdch barv\u00e1ch v kombinaci se zlatou.<\/p>\n<p>Stav: velmi dobr\u00fd<br \/>\nRozm\u011br<br \/>\nV\u00fd\u0161ka: 16 cm<br \/>\nPr\u016fm\u011br: 20 cm<\/p>\n","protected":false},"excerpt":{"rendered":"<p>Kr\u00e1sn\u00e1 hlubok\u00e1 sklen\u011bn\u00e1 m\u00edsa od n\u011bmeck\u00e9 porcle\u00e1nky Rosenthal zdoben\u00e1 ru\u010dn\u011b malovan\u00fdmi kv\u011bty v pastelov\u00fdch barv\u00e1ch v kombinaci se zlatou. Stav:<\/p>\n","protected":false},"featured_media":18247,"template":"","meta":[],"product_brand":[153],"product_cat":[75,133],"product_tag":[],"class_list":{"0":"post-18467","1":"product","2":"type-product","3":"status-publish","4":"has-post-thumbnail","6":"product_brand-eterle-cz","7":"product_cat-sklo","8":"product_cat-misy-sklo","10":"first","11":"instock","12":"purchasable","13":"product-type-simple"},"_links":{"self":[{"href":"https:\/\/eterle.cz\/eshop\/wp-json\/wp\/v2\/product\/18467","targetHints":{"allow":["GET"]}}],"collection":[{"href":"https:\/\/eterle.cz\/eshop\/wp-json\/wp\/v2\/product"}],"about":[{"href":"https:\/\/eterle.cz\/eshop\/wp-json\/wp\/v2\/types\/product"}],"version-history":[{"count":1,"href":"https:\/\/eterle.cz\/eshop\/wp-json\/wp\/v2\/product\/18467\/revisions"}],"predecessor-version":[{"id":26389,"href":"https:\/\/eterle.cz\/eshop\/wp-json\/wp\/v2\/product\/18467\/revisions\/26389"}],"wp:featuredmedia":[{"embeddable":true,"href":"https:\/\/eterle.cz\/eshop\/wp-json\/wp\/v2\/media\/18247"}],"wp:attachment":[{"href":"https:\/\/eterle.cz\/eshop\/wp-json\/wp\/v2\/media?parent=18467"}],"wp:term":[{"taxonomy":"product_brand","embeddable":true,"href":"https:\/\/eterle.cz\/eshop\/wp-json\/wp\/v2\/product_brand?post=18467"},{"taxonomy":"product_cat","embeddable":true,"href":"https:\/\/eterle.cz\/eshop\/wp-json\/wp\/v2\/product_cat?post=18467"},{"taxonomy":"product_tag","embeddable":true,"href":"https:\/\/eterle.cz\/eshop\/wp-json\/wp\/v2\/product_tag?post=18467"}],"curies":[{"name":"wp","href":"https:\/\/api.w.org\/{rel}","templated":true}]}}