{"id":18468,"date":"2024-02-08T19:21:03","date_gmt":"2024-02-08T18:21:03","guid":{"rendered":"https:\/\/eterle.cz\/eshop\/produkt\/sklenena-misa-na-noze\/"},"modified":"2025-06-24T01:54:36","modified_gmt":"2025-06-23T23:54:36","slug":"sklenena-misa-na-noze","status":"publish","type":"product","link":"https:\/\/eterle.cz\/eshop\/produkt\/sklenena-misa-na-noze\/","title":{"rendered":"Sklen\u011bn\u00e1 m\u00edsa na noze"},"content":{"rendered":"<p>Sklen\u011bn\u00e1 m\u00edsa na noze ve stylu art deco v matn\u00e9m proveden\u00ed p\u016fsob\u00ed ledov\u00fdm dojmem. Kr\u00e1sn\u011b v n\u00ed budou vypadat hrozny v\u00edna \u010di jin\u00e9 ovoce.<\/p>\n<p>Stav: velmi dobr\u00fd<br \/>\nRozm\u011br<br \/>\nV\u00fd\u0161ka: 13 cm<br \/>\nPr\u016fm\u011br: 21 cm<\/p>\n","protected":false},"excerpt":{"rendered":"<p>Sklen\u011bn\u00e1 m\u00edsa na noze ve stylu art deco v matn\u00e9m proveden\u00ed p\u016fsob\u00ed ledov\u00fdm dojmem. Kr\u00e1sn\u011b v n\u00ed budou vypadat hrozny<\/p>\n","protected":false},"featured_media":18254,"template":"","meta":[],"product_brand":[153],"product_cat":[75,133],"product_tag":[],"class_list":{"0":"post-18468","1":"product","2":"type-product","3":"status-publish","4":"has-post-thumbnail","6":"product_brand-eterle-cz","7":"product_cat-sklo","8":"product_cat-misy-sklo","10":"first","11":"instock","12":"purchasable","13":"product-type-simple"},"_links":{"self":[{"href":"https:\/\/eterle.cz\/eshop\/wp-json\/wp\/v2\/product\/18468","targetHints":{"allow":["GET"]}}],"collection":[{"href":"https:\/\/eterle.cz\/eshop\/wp-json\/wp\/v2\/product"}],"about":[{"href":"https:\/\/eterle.cz\/eshop\/wp-json\/wp\/v2\/types\/product"}],"version-history":[{"count":1,"href":"https:\/\/eterle.cz\/eshop\/wp-json\/wp\/v2\/product\/18468\/revisions"}],"predecessor-version":[{"id":26388,"href":"https:\/\/eterle.cz\/eshop\/wp-json\/wp\/v2\/product\/18468\/revisions\/26388"}],"wp:featuredmedia":[{"embeddable":true,"href":"https:\/\/eterle.cz\/eshop\/wp-json\/wp\/v2\/media\/18254"}],"wp:attachment":[{"href":"https:\/\/eterle.cz\/eshop\/wp-json\/wp\/v2\/media?parent=18468"}],"wp:term":[{"taxonomy":"product_brand","embeddable":true,"href":"https:\/\/eterle.cz\/eshop\/wp-json\/wp\/v2\/product_brand?post=18468"},{"taxonomy":"product_cat","embeddable":true,"href":"https:\/\/eterle.cz\/eshop\/wp-json\/wp\/v2\/product_cat?post=18468"},{"taxonomy":"product_tag","embeddable":true,"href":"https:\/\/eterle.cz\/eshop\/wp-json\/wp\/v2\/product_tag?post=18468"}],"curies":[{"name":"wp","href":"https:\/\/api.w.org\/{rel}","templated":true}]}}