{"id":18469,"date":"2024-02-08T19:21:08","date_gmt":"2024-02-08T18:21:08","guid":{"rendered":"https:\/\/eterle.cz\/eshop\/produkt\/sklenice-pro-par\/"},"modified":"2025-02-16T02:47:54","modified_gmt":"2025-02-16T01:47:54","slug":"sklenice-pro-par","status":"publish","type":"product","link":"https:\/\/eterle.cz\/eshop\/produkt\/sklenice-pro-par\/","title":{"rendered":"Sklenice pro p\u00e1r"},"content":{"rendered":"<p>Sklenice pro p\u00e1r v tmav\u011b jantarov\u00e9 barv\u011b s pr\u016fzra\u010dnou vysokou stonkou, je\u017e dod\u00e1v\u00e1 sklenic\u00edm na eleganci. Sklo je siln\u011bj\u0161\u00ed.<\/p>\n<p>Stav: velmi dobr\u00fd<br \/>\nRozm\u011br<br \/>\nV\u00fd\u0161ka: 30,5 a 25,5 cm<br \/>\nObjem: 280 ml<\/p>\n","protected":false},"excerpt":{"rendered":"<p>Sklenice pro p\u00e1r v tmav\u011b jantarov\u00e9 barv\u011b s pr\u016fzra\u010dnou vysokou stonkou, je\u017e dod\u00e1v\u00e1 sklenic\u00edm na eleganci. Sklo je siln\u011bj\u0161\u00ed. Stav:<\/p>\n","protected":false},"featured_media":18260,"template":"","meta":[],"product_brand":[153],"product_cat":[91],"product_tag":[],"class_list":{"0":"post-18469","1":"product","2":"type-product","3":"status-publish","4":"has-post-thumbnail","6":"product_brand-eterle-cz","7":"product_cat-prodane","9":"first","10":"outofstock","11":"purchasable","12":"product-type-simple"},"_links":{"self":[{"href":"https:\/\/eterle.cz\/eshop\/wp-json\/wp\/v2\/product\/18469","targetHints":{"allow":["GET"]}}],"collection":[{"href":"https:\/\/eterle.cz\/eshop\/wp-json\/wp\/v2\/product"}],"about":[{"href":"https:\/\/eterle.cz\/eshop\/wp-json\/wp\/v2\/types\/product"}],"version-history":[{"count":0,"href":"https:\/\/eterle.cz\/eshop\/wp-json\/wp\/v2\/product\/18469\/revisions"}],"wp:featuredmedia":[{"embeddable":true,"href":"https:\/\/eterle.cz\/eshop\/wp-json\/wp\/v2\/media\/18260"}],"wp:attachment":[{"href":"https:\/\/eterle.cz\/eshop\/wp-json\/wp\/v2\/media?parent=18469"}],"wp:term":[{"taxonomy":"product_brand","embeddable":true,"href":"https:\/\/eterle.cz\/eshop\/wp-json\/wp\/v2\/product_brand?post=18469"},{"taxonomy":"product_cat","embeddable":true,"href":"https:\/\/eterle.cz\/eshop\/wp-json\/wp\/v2\/product_cat?post=18469"},{"taxonomy":"product_tag","embeddable":true,"href":"https:\/\/eterle.cz\/eshop\/wp-json\/wp\/v2\/product_tag?post=18469"}],"curies":[{"name":"wp","href":"https:\/\/api.w.org\/{rel}","templated":true}]}}