{"id":18470,"date":"2024-02-08T19:21:14","date_gmt":"2024-02-08T18:21:14","guid":{"rendered":"https:\/\/eterle.cz\/eshop\/produkt\/brousena-vaza-6\/"},"modified":"2025-02-16T02:47:54","modified_gmt":"2025-02-16T01:47:54","slug":"brousena-vaza-6","status":"publish","type":"product","link":"https:\/\/eterle.cz\/eshop\/produkt\/brousena-vaza-6\/","title":{"rendered":"Brou\u0161en\u00e1 v\u00e1za"},"content":{"rendered":"<p>Vysok\u00e1 bohat\u011b brou\u0161en\u00e1 v\u00e1za elipsov\u00e9ho tvaru vhodn\u00e1 i na v\u011bt\u0161\u00ed kv\u011btiny. Chcete-li zachovat klasick\u00e9 vyzn\u011bn\u00ed brou\u0161en\u00e9 v\u00e1zy, budou se v n\u00ed nejl\u00e9pe vyj\u00edmat r\u016f\u017ee. N\u00e1s bav\u00ed trochu tradi\u010dnost shodit, co\u017e m\u016f\u017eete doc\u00edlit p\u0159id\u00e1n\u00edm v\u011btv\u00ed nebo odv\u00e1\u017en\u011bj\u00ed\u0161\u00ed mohou zakomponovat i zeleninu.<\/p>\n<p>Stav: dobr\u00fd<br \/>\nRozm\u011br<br \/>\nV\u00fd\u0161ka: 30 cm<br \/>\nRozm\u011br otvoru: 10 x 7 cm<\/p>\n","protected":false},"excerpt":{"rendered":"<p>Vysok\u00e1 bohat\u011b brou\u0161en\u00e1 v\u00e1za elipsov\u00e9ho tvaru vhodn\u00e1 i na v\u011bt\u0161\u00ed kv\u011btiny. Chcete-li zachovat klasick\u00e9 vyzn\u011bn\u00ed brou\u0161en\u00e9 v\u00e1zy, budou se v<\/p>\n","protected":false},"featured_media":18267,"template":"","meta":[],"product_brand":[153],"product_cat":[91],"product_tag":[],"class_list":{"0":"post-18470","1":"product","2":"type-product","3":"status-publish","4":"has-post-thumbnail","6":"product_brand-eterle-cz","7":"product_cat-prodane","9":"first","10":"outofstock","11":"purchasable","12":"product-type-simple"},"_links":{"self":[{"href":"https:\/\/eterle.cz\/eshop\/wp-json\/wp\/v2\/product\/18470","targetHints":{"allow":["GET"]}}],"collection":[{"href":"https:\/\/eterle.cz\/eshop\/wp-json\/wp\/v2\/product"}],"about":[{"href":"https:\/\/eterle.cz\/eshop\/wp-json\/wp\/v2\/types\/product"}],"version-history":[{"count":0,"href":"https:\/\/eterle.cz\/eshop\/wp-json\/wp\/v2\/product\/18470\/revisions"}],"wp:featuredmedia":[{"embeddable":true,"href":"https:\/\/eterle.cz\/eshop\/wp-json\/wp\/v2\/media\/18267"}],"wp:attachment":[{"href":"https:\/\/eterle.cz\/eshop\/wp-json\/wp\/v2\/media?parent=18470"}],"wp:term":[{"taxonomy":"product_brand","embeddable":true,"href":"https:\/\/eterle.cz\/eshop\/wp-json\/wp\/v2\/product_brand?post=18470"},{"taxonomy":"product_cat","embeddable":true,"href":"https:\/\/eterle.cz\/eshop\/wp-json\/wp\/v2\/product_cat?post=18470"},{"taxonomy":"product_tag","embeddable":true,"href":"https:\/\/eterle.cz\/eshop\/wp-json\/wp\/v2\/product_tag?post=18470"}],"curies":[{"name":"wp","href":"https:\/\/api.w.org\/{rel}","templated":true}]}}