{"id":18471,"date":"2024-02-08T19:21:19","date_gmt":"2024-02-08T18:21:19","guid":{"rendered":"https:\/\/eterle.cz\/eshop\/produkt\/sklenene-vazy\/"},"modified":"2025-06-24T01:54:36","modified_gmt":"2025-06-23T23:54:36","slug":"sklenene-vazy","status":"publish","type":"product","link":"https:\/\/eterle.cz\/eshop\/produkt\/sklenene-vazy\/","title":{"rendered":"Sklen\u011bn\u00e9 v\u00e1zy"},"content":{"rendered":"<p>Soubor dvou ru\u010dn\u011b foukan\u00fdch v\u00e1z v kontrastn\u00ed \u010derno-b\u00edl\u00e9 barv\u011b. Zdoben\u00e9 jsou roztavenou sklen\u011bnou nit\u00ed.<\/p>\n<p>Stav: dobr\u00fd<br \/>\nRozm\u011br<br \/>\nV\u00fd\u0161ka: 31cm<br \/>\nPr\u016fm\u011br otvoru: 5 cm<\/p>\n","protected":false},"excerpt":{"rendered":"<p>Soubor dvou ru\u010dn\u011b foukan\u00fdch v\u00e1z v kontrastn\u00ed \u010derno-b\u00edl\u00e9 barv\u011b. Zdoben\u00e9 jsou roztavenou sklen\u011bnou nit\u00ed. Stav: dobr\u00fd Rozm\u011br V\u00fd\u0161ka: 31cm Pr\u016fm\u011br<\/p>\n","protected":false},"featured_media":18273,"template":"","meta":[],"product_brand":[153],"product_cat":[94],"product_tag":[],"class_list":{"0":"post-18471","1":"product","2":"type-product","3":"status-publish","4":"has-post-thumbnail","6":"product_brand-eterle-cz","7":"product_cat-vazy","9":"first","10":"instock","11":"purchasable","12":"product-type-simple"},"_links":{"self":[{"href":"https:\/\/eterle.cz\/eshop\/wp-json\/wp\/v2\/product\/18471","targetHints":{"allow":["GET"]}}],"collection":[{"href":"https:\/\/eterle.cz\/eshop\/wp-json\/wp\/v2\/product"}],"about":[{"href":"https:\/\/eterle.cz\/eshop\/wp-json\/wp\/v2\/types\/product"}],"version-history":[{"count":1,"href":"https:\/\/eterle.cz\/eshop\/wp-json\/wp\/v2\/product\/18471\/revisions"}],"predecessor-version":[{"id":26387,"href":"https:\/\/eterle.cz\/eshop\/wp-json\/wp\/v2\/product\/18471\/revisions\/26387"}],"wp:featuredmedia":[{"embeddable":true,"href":"https:\/\/eterle.cz\/eshop\/wp-json\/wp\/v2\/media\/18273"}],"wp:attachment":[{"href":"https:\/\/eterle.cz\/eshop\/wp-json\/wp\/v2\/media?parent=18471"}],"wp:term":[{"taxonomy":"product_brand","embeddable":true,"href":"https:\/\/eterle.cz\/eshop\/wp-json\/wp\/v2\/product_brand?post=18471"},{"taxonomy":"product_cat","embeddable":true,"href":"https:\/\/eterle.cz\/eshop\/wp-json\/wp\/v2\/product_cat?post=18471"},{"taxonomy":"product_tag","embeddable":true,"href":"https:\/\/eterle.cz\/eshop\/wp-json\/wp\/v2\/product_tag?post=18471"}],"curies":[{"name":"wp","href":"https:\/\/api.w.org\/{rel}","templated":true}]}}