{"id":18473,"date":"2024-02-08T19:21:29","date_gmt":"2024-02-08T18:21:29","guid":{"rendered":"https:\/\/eterle.cz\/eshop\/produkt\/mini-vazicka-bohemia-2\/"},"modified":"2026-03-21T18:04:29","modified_gmt":"2026-03-21T17:04:29","slug":"mini-vazicka-bohemia-2","status":"publish","type":"product","link":"https:\/\/eterle.cz\/eshop\/produkt\/mini-vazicka-bohemia-2\/","title":{"rendered":"Mini v\u00e1zi\u010dka \/ Bohemia"},"content":{"rendered":"<p>V\u00e1zi\u010dka z lisovan\u00e9ho skla v temn\u011b fialov\u00e9 barv\u011b obl\u00edben\u00e1 jako sb\u011bratelsk\u00fd kousek. Vhodn\u00e1 je p\u0159edev\u0161\u00edm na drobn\u00e9 jarn\u00ed kv\u011btiny jako jsou bledule, sn\u011b\u017eenky \u010di fialky. Kdy\u017e na ni zasv\u00edt\u00ed slunce, kr\u00e1sn\u011b vynikne jje\u00ed barva a p\u0159ipom\u00edna kosteln\u00ed vitr\u00e1\u017e.<\/p>\n<p>Stav: dobr\u00fd<br \/>\nZna\u010dka: Bohemia<br \/>\nRozm\u011br<br \/>\nV\u00fd\u0161ka: 6,5 cm<br \/>\nPr\u016fm\u011br otvoru: 4,5 cm<\/p>\n","protected":false},"excerpt":{"rendered":"<p>V\u00e1zi\u010dka z lisovan\u00e9ho skla v temn\u011b fialov\u00e9 barv\u011b obl\u00edben\u00e1 jako sb\u011bratelsk\u00fd kousek. Vhodn\u00e1 je p\u0159edev\u0161\u00edm na drobn\u00e9 jarn\u00ed kv\u011btiny jako<\/p>\n","protected":false},"featured_media":18285,"template":"","meta":[],"product_brand":[153],"product_cat":[94],"product_tag":[],"class_list":{"0":"post-18473","1":"product","2":"type-product","3":"status-publish","4":"has-post-thumbnail","6":"product_brand-eterle-cz","7":"product_cat-vazy","9":"first","10":"instock","11":"purchasable","12":"product-type-simple"},"_links":{"self":[{"href":"https:\/\/eterle.cz\/eshop\/wp-json\/wp\/v2\/product\/18473","targetHints":{"allow":["GET"]}}],"collection":[{"href":"https:\/\/eterle.cz\/eshop\/wp-json\/wp\/v2\/product"}],"about":[{"href":"https:\/\/eterle.cz\/eshop\/wp-json\/wp\/v2\/types\/product"}],"version-history":[{"count":1,"href":"https:\/\/eterle.cz\/eshop\/wp-json\/wp\/v2\/product\/18473\/revisions"}],"predecessor-version":[{"id":26385,"href":"https:\/\/eterle.cz\/eshop\/wp-json\/wp\/v2\/product\/18473\/revisions\/26385"}],"wp:featuredmedia":[{"embeddable":true,"href":"https:\/\/eterle.cz\/eshop\/wp-json\/wp\/v2\/media\/18285"}],"wp:attachment":[{"href":"https:\/\/eterle.cz\/eshop\/wp-json\/wp\/v2\/media?parent=18473"}],"wp:term":[{"taxonomy":"product_brand","embeddable":true,"href":"https:\/\/eterle.cz\/eshop\/wp-json\/wp\/v2\/product_brand?post=18473"},{"taxonomy":"product_cat","embeddable":true,"href":"https:\/\/eterle.cz\/eshop\/wp-json\/wp\/v2\/product_cat?post=18473"},{"taxonomy":"product_tag","embeddable":true,"href":"https:\/\/eterle.cz\/eshop\/wp-json\/wp\/v2\/product_tag?post=18473"}],"curies":[{"name":"wp","href":"https:\/\/api.w.org\/{rel}","templated":true}]}}