{"id":18480,"date":"2024-02-08T19:22:13","date_gmt":"2024-02-08T18:22:13","guid":{"rendered":"https:\/\/eterle.cz\/eshop\/produkt\/sklenena-vaza-bohemia-velka\/"},"modified":"2025-02-16T02:47:51","modified_gmt":"2025-02-16T01:47:51","slug":"sklenena-vaza-bohemia-velka","status":"publish","type":"product","link":"https:\/\/eterle.cz\/eshop\/produkt\/sklenena-vaza-bohemia-velka\/","title":{"rendered":"Sklen\u011bn\u00e1 v\u00e1za \/ Bohemia (velk\u00e1)"},"content":{"rendered":"<p>K\u0159i\u0161\u0165\u00e1lov\u00e1 v\u00e1za Bohemia klasick\u00e9ho tvaru, kter\u00e1 se hod\u00ed do jak\u00e9hokoliv interi\u00e9ru a\u0165 u\u017e do modern\u00edho bytu nebo vily se staro\u017eitn\u00fdm n\u00e1bytkem. P\u0159es svoji jednoduchost rozhodn\u011b nen\u00ed nudn\u00e1.<\/p>\n<p>Stav: nov\u00e1<br \/>\nZna\u010dka: Bohemia<br \/>\nRozm\u011br<br \/>\nV\u00fd\u0161ka: 30 cm<br \/>\nPr\u016fm\u011br otvoru: 19,5 cm<\/p>\n","protected":false},"excerpt":{"rendered":"<p>K\u0159i\u0161\u0165\u00e1lov\u00e1 v\u00e1za Bohemia klasick\u00e9ho tvaru, kter\u00e1 se hod\u00ed do jak\u00e9hokoliv interi\u00e9ru a\u0165 u\u017e do modern\u00edho bytu nebo vily se staro\u017eitn\u00fdm<\/p>\n","protected":false},"featured_media":18327,"template":"","meta":[],"product_brand":[153],"product_cat":[91],"product_tag":[],"class_list":{"0":"post-18480","1":"product","2":"type-product","3":"status-publish","4":"has-post-thumbnail","6":"product_brand-eterle-cz","7":"product_cat-prodane","9":"first","10":"outofstock","11":"purchasable","12":"product-type-simple"},"_links":{"self":[{"href":"https:\/\/eterle.cz\/eshop\/wp-json\/wp\/v2\/product\/18480","targetHints":{"allow":["GET"]}}],"collection":[{"href":"https:\/\/eterle.cz\/eshop\/wp-json\/wp\/v2\/product"}],"about":[{"href":"https:\/\/eterle.cz\/eshop\/wp-json\/wp\/v2\/types\/product"}],"version-history":[{"count":0,"href":"https:\/\/eterle.cz\/eshop\/wp-json\/wp\/v2\/product\/18480\/revisions"}],"wp:featuredmedia":[{"embeddable":true,"href":"https:\/\/eterle.cz\/eshop\/wp-json\/wp\/v2\/media\/18327"}],"wp:attachment":[{"href":"https:\/\/eterle.cz\/eshop\/wp-json\/wp\/v2\/media?parent=18480"}],"wp:term":[{"taxonomy":"product_brand","embeddable":true,"href":"https:\/\/eterle.cz\/eshop\/wp-json\/wp\/v2\/product_brand?post=18480"},{"taxonomy":"product_cat","embeddable":true,"href":"https:\/\/eterle.cz\/eshop\/wp-json\/wp\/v2\/product_cat?post=18480"},{"taxonomy":"product_tag","embeddable":true,"href":"https:\/\/eterle.cz\/eshop\/wp-json\/wp\/v2\/product_tag?post=18480"}],"curies":[{"name":"wp","href":"https:\/\/api.w.org\/{rel}","templated":true}]}}