{"id":18481,"date":"2024-02-08T19:22:18","date_gmt":"2024-02-08T18:22:18","guid":{"rendered":"https:\/\/eterle.cz\/eshop\/produkt\/cerna-stojaci-lampa-abo-randers\/"},"modified":"2025-03-18T22:18:18","modified_gmt":"2025-03-18T21:18:18","slug":"cerna-stojaci-lampa-abo-randers","status":"publish","type":"product","link":"https:\/\/eterle.cz\/eshop\/produkt\/cerna-stojaci-lampa-abo-randers\/","title":{"rendered":"\u010cern\u00e1 stojac\u00ed lampa \/ Abo Randers"},"content":{"rendered":"<p>Minimalistick\u00e1 \u010dern\u00e1 stojac\u00ed lampa z obdob\u00ed 70.- 80. let minul\u00e9ho stolet\u00ed od d\u00e1nsk\u00e9 v\u00fdrobce sv\u00edtidel Abo Randers. Jedn\u00e1 se o model E808. Tuto lampu prod\u00e1vala v 70. a 80. letech tak\u00e9 Ikea a byla pojmenov\u00e1na jako stojac\u00ed lampa Brutto.<\/p>\n<p>Stav: dobr\u00fd; el. p\u016fvodn\u00ed, funk\u010dn\u00ed<br \/>\nV\u00fdrobce: Abo Randers<br \/>\nRozm\u011br<br \/>\nV\u00fd\u0161ka: 111 cm<br \/>\n\u0160\u00ed\u0159ka 43 cm<\/p>\n","protected":false},"excerpt":{"rendered":"<p>Minimalistick\u00e1 \u010dern\u00e1 stojac\u00ed lampa z obdob\u00ed 70.- 80. let minul\u00e9ho stolet\u00ed od d\u00e1nsk\u00e9 v\u00fdrobce sv\u00edtidel Abo Randers. Jedn\u00e1 se o<\/p>\n","protected":false},"featured_media":18334,"template":"","meta":[],"product_brand":[153],"product_cat":[91],"product_tag":[],"class_list":{"0":"post-18481","1":"product","2":"type-product","3":"status-publish","4":"has-post-thumbnail","6":"product_brand-eterle-cz","7":"product_cat-prodane","8":"product_shipping_class-nadrozmerne","10":"first","11":"outofstock","12":"purchasable","13":"product-type-simple"},"_links":{"self":[{"href":"https:\/\/eterle.cz\/eshop\/wp-json\/wp\/v2\/product\/18481","targetHints":{"allow":["GET"]}}],"collection":[{"href":"https:\/\/eterle.cz\/eshop\/wp-json\/wp\/v2\/product"}],"about":[{"href":"https:\/\/eterle.cz\/eshop\/wp-json\/wp\/v2\/types\/product"}],"version-history":[{"count":0,"href":"https:\/\/eterle.cz\/eshop\/wp-json\/wp\/v2\/product\/18481\/revisions"}],"wp:featuredmedia":[{"embeddable":true,"href":"https:\/\/eterle.cz\/eshop\/wp-json\/wp\/v2\/media\/18334"}],"wp:attachment":[{"href":"https:\/\/eterle.cz\/eshop\/wp-json\/wp\/v2\/media?parent=18481"}],"wp:term":[{"taxonomy":"product_brand","embeddable":true,"href":"https:\/\/eterle.cz\/eshop\/wp-json\/wp\/v2\/product_brand?post=18481"},{"taxonomy":"product_cat","embeddable":true,"href":"https:\/\/eterle.cz\/eshop\/wp-json\/wp\/v2\/product_cat?post=18481"},{"taxonomy":"product_tag","embeddable":true,"href":"https:\/\/eterle.cz\/eshop\/wp-json\/wp\/v2\/product_tag?post=18481"}],"curies":[{"name":"wp","href":"https:\/\/api.w.org\/{rel}","templated":true}]}}