{"id":18482,"date":"2024-02-08T19:22:25","date_gmt":"2024-02-08T18:22:25","guid":{"rendered":"https:\/\/eterle.cz\/eshop\/produkt\/stojaci-lampa-3\/"},"modified":"2025-02-16T02:47:51","modified_gmt":"2025-02-16T01:47:51","slug":"stojaci-lampa-3","status":"publish","type":"product","link":"https:\/\/eterle.cz\/eshop\/produkt\/stojaci-lampa-3\/","title":{"rendered":"Stojac\u00ed lampa"},"content":{"rendered":"<p>Kr\u00e1sn\u00e1 elegantn\u00ed stojac\u00ed lampa z poloviny minul\u00e9ho stolet\u00ed. St\u00ednidlo je z plisovan\u00e9 l\u00e1tky, noha kov v kombinaci s b\u00edl\u00fdm plastem.<\/p>\n<p>Stav: dobr\u00fd zachoval\u00fd; el. p\u016fvodn\u00ed, funk\u010dn\u00ed<br \/>\nRozm\u011br<br \/>\nV\u00fd\u0161ka: 140 cm<br \/>\nPr\u016fm\u011br st\u00ednidla: 48 cm<\/p>\n","protected":false},"excerpt":{"rendered":"<p>Kr\u00e1sn\u00e1 elegantn\u00ed stojac\u00ed lampa z poloviny minul\u00e9ho stolet\u00ed. St\u00ednidlo je z plisovan\u00e9 l\u00e1tky, noha kov v kombinaci s b\u00edl\u00fdm plastem.<\/p>\n","protected":false},"featured_media":18343,"template":"","meta":[],"product_brand":[153],"product_cat":[91],"product_tag":[],"class_list":{"0":"post-18482","1":"product","2":"type-product","3":"status-publish","4":"has-post-thumbnail","6":"product_brand-eterle-cz","7":"product_cat-prodane","8":"product_shipping_class-nadrozmerne","10":"first","11":"outofstock","12":"purchasable","13":"product-type-simple"},"_links":{"self":[{"href":"https:\/\/eterle.cz\/eshop\/wp-json\/wp\/v2\/product\/18482","targetHints":{"allow":["GET"]}}],"collection":[{"href":"https:\/\/eterle.cz\/eshop\/wp-json\/wp\/v2\/product"}],"about":[{"href":"https:\/\/eterle.cz\/eshop\/wp-json\/wp\/v2\/types\/product"}],"version-history":[{"count":0,"href":"https:\/\/eterle.cz\/eshop\/wp-json\/wp\/v2\/product\/18482\/revisions"}],"wp:featuredmedia":[{"embeddable":true,"href":"https:\/\/eterle.cz\/eshop\/wp-json\/wp\/v2\/media\/18343"}],"wp:attachment":[{"href":"https:\/\/eterle.cz\/eshop\/wp-json\/wp\/v2\/media?parent=18482"}],"wp:term":[{"taxonomy":"product_brand","embeddable":true,"href":"https:\/\/eterle.cz\/eshop\/wp-json\/wp\/v2\/product_brand?post=18482"},{"taxonomy":"product_cat","embeddable":true,"href":"https:\/\/eterle.cz\/eshop\/wp-json\/wp\/v2\/product_cat?post=18482"},{"taxonomy":"product_tag","embeddable":true,"href":"https:\/\/eterle.cz\/eshop\/wp-json\/wp\/v2\/product_tag?post=18482"}],"curies":[{"name":"wp","href":"https:\/\/api.w.org\/{rel}","templated":true}]}}