{"id":18483,"date":"2024-02-08T19:22:30","date_gmt":"2024-02-08T18:22:30","guid":{"rendered":"https:\/\/eterle.cz\/eshop\/produkt\/lampicka-bankerska\/"},"modified":"2025-02-16T02:47:50","modified_gmt":"2025-02-16T01:47:50","slug":"lampicka-bankerska","status":"publish","type":"product","link":"https:\/\/eterle.cz\/eshop\/produkt\/lampicka-bankerska\/","title":{"rendered":"Lampi\u010dka bank\u00e9\u0159sk\u00e1"},"content":{"rendered":"<p>Stoln\u00ed lampi\u010dka tzv. bank\u00e9\u0159sk\u00e1 z 30. let minul\u00e9ho stolet\u00ed, kter\u00e1 nechyb\u011bla na \u017e\u00e1dn\u00e9m stole tehdej\u0161\u00edho \u00fa\u0159edn\u00edka. Lampi\u010dku tvo\u0159\u00ed chromov\u00e1 noha a zelen\u00e9 smaltovan\u00e9 st\u00ednidlo.<\/p>\n<p>Stav: dobr\u00fd, chrom s patinou; el. nov\u00e1<br \/>\nRozm\u011br<br \/>\nV\u00fd\u0161ka: 46 cm<br \/>\nSt\u00ednidlo \u0161\u00ed\u0159ka: 25 cm<br \/>\nHloubka: 25 cm<\/p>\n","protected":false},"excerpt":{"rendered":"<p>Stoln\u00ed lampi\u010dka tzv. bank\u00e9\u0159sk\u00e1 z 30. let minul\u00e9ho stolet\u00ed, kter\u00e1 nechyb\u011bla na \u017e\u00e1dn\u00e9m stole tehdej\u0161\u00edho \u00fa\u0159edn\u00edka. Lampi\u010dku tvo\u0159\u00ed chromov\u00e1 noha<\/p>\n","protected":false},"featured_media":18354,"template":"","meta":[],"product_brand":[153],"product_cat":[91],"product_tag":[],"class_list":{"0":"post-18483","1":"product","2":"type-product","3":"status-publish","4":"has-post-thumbnail","6":"product_brand-eterle-cz","7":"product_cat-prodane","8":"product_shipping_class-nadrozmerne","10":"first","11":"outofstock","12":"purchasable","13":"product-type-simple"},"_links":{"self":[{"href":"https:\/\/eterle.cz\/eshop\/wp-json\/wp\/v2\/product\/18483","targetHints":{"allow":["GET"]}}],"collection":[{"href":"https:\/\/eterle.cz\/eshop\/wp-json\/wp\/v2\/product"}],"about":[{"href":"https:\/\/eterle.cz\/eshop\/wp-json\/wp\/v2\/types\/product"}],"version-history":[{"count":0,"href":"https:\/\/eterle.cz\/eshop\/wp-json\/wp\/v2\/product\/18483\/revisions"}],"wp:featuredmedia":[{"embeddable":true,"href":"https:\/\/eterle.cz\/eshop\/wp-json\/wp\/v2\/media\/18354"}],"wp:attachment":[{"href":"https:\/\/eterle.cz\/eshop\/wp-json\/wp\/v2\/media?parent=18483"}],"wp:term":[{"taxonomy":"product_brand","embeddable":true,"href":"https:\/\/eterle.cz\/eshop\/wp-json\/wp\/v2\/product_brand?post=18483"},{"taxonomy":"product_cat","embeddable":true,"href":"https:\/\/eterle.cz\/eshop\/wp-json\/wp\/v2\/product_cat?post=18483"},{"taxonomy":"product_tag","embeddable":true,"href":"https:\/\/eterle.cz\/eshop\/wp-json\/wp\/v2\/product_tag?post=18483"}],"curies":[{"name":"wp","href":"https:\/\/api.w.org\/{rel}","templated":true}]}}