{"id":18484,"date":"2024-02-08T19:22:38","date_gmt":"2024-02-08T18:22:38","guid":{"rendered":"https:\/\/eterle.cz\/eshop\/produkt\/stolni-lampicky-par\/"},"modified":"2025-06-24T01:54:35","modified_gmt":"2025-06-23T23:54:35","slug":"stolni-lampicky-par","status":"publish","type":"product","link":"https:\/\/eterle.cz\/eshop\/produkt\/stolni-lampicky-par\/","title":{"rendered":"Stoln\u00ed lampi\u010dky (p\u00e1r)"},"content":{"rendered":"<p>P\u00e1r stoln\u00edch lampi\u010dek se starou porcel\u00e1novou z\u00e1kladnou vyrobenou ve slavn\u00e9 porcel\u00e1nce v Berl\u00edn\u011b. Porcel\u00e1n je nen\u00e1padn\u011b zdoben plastick\u00fdm obrazem pasouc\u00edch se jelen\u016f. Elektroinstalace i textiln\u00ed st\u00ednidlo je na lampi\u010dk\u00e1ch nov\u00e9.<\/p>\n<p>Stav: velmi dobr\u00fd; el. nov\u00e1<br \/>\nRozm\u011br<br \/>\nV\u00fd\u0161ka: 33 cm<br \/>\nPr\u016fm\u011br st\u00ednidla: 24 cm<\/p>\n","protected":false},"excerpt":{"rendered":"<p>P\u00e1r stoln\u00edch lampi\u010dek se starou porcel\u00e1novou z\u00e1kladnou vyrobenou ve slavn\u00e9 porcel\u00e1nce v Berl\u00edn\u011b. Porcel\u00e1n je nen\u00e1padn\u011b zdoben plastick\u00fdm obrazem pasouc\u00edch<\/p>\n","protected":false},"featured_media":18363,"template":"","meta":[],"product_brand":[153],"product_cat":[79,141],"product_tag":[],"class_list":{"0":"post-18484","1":"product","2":"type-product","3":"status-publish","4":"has-post-thumbnail","6":"product_brand-eterle-cz","7":"product_cat-svetla","8":"product_cat-stolni-lampy","9":"product_shipping_class-nadrozmerne","11":"first","12":"instock","13":"purchasable","14":"product-type-simple"},"_links":{"self":[{"href":"https:\/\/eterle.cz\/eshop\/wp-json\/wp\/v2\/product\/18484","targetHints":{"allow":["GET"]}}],"collection":[{"href":"https:\/\/eterle.cz\/eshop\/wp-json\/wp\/v2\/product"}],"about":[{"href":"https:\/\/eterle.cz\/eshop\/wp-json\/wp\/v2\/types\/product"}],"version-history":[{"count":1,"href":"https:\/\/eterle.cz\/eshop\/wp-json\/wp\/v2\/product\/18484\/revisions"}],"predecessor-version":[{"id":26380,"href":"https:\/\/eterle.cz\/eshop\/wp-json\/wp\/v2\/product\/18484\/revisions\/26380"}],"wp:featuredmedia":[{"embeddable":true,"href":"https:\/\/eterle.cz\/eshop\/wp-json\/wp\/v2\/media\/18363"}],"wp:attachment":[{"href":"https:\/\/eterle.cz\/eshop\/wp-json\/wp\/v2\/media?parent=18484"}],"wp:term":[{"taxonomy":"product_brand","embeddable":true,"href":"https:\/\/eterle.cz\/eshop\/wp-json\/wp\/v2\/product_brand?post=18484"},{"taxonomy":"product_cat","embeddable":true,"href":"https:\/\/eterle.cz\/eshop\/wp-json\/wp\/v2\/product_cat?post=18484"},{"taxonomy":"product_tag","embeddable":true,"href":"https:\/\/eterle.cz\/eshop\/wp-json\/wp\/v2\/product_tag?post=18484"}],"curies":[{"name":"wp","href":"https:\/\/api.w.org\/{rel}","templated":true}]}}