{"id":18485,"date":"2024-02-08T19:22:48","date_gmt":"2024-02-08T18:22:48","guid":{"rendered":"https:\/\/eterle.cz\/eshop\/produkt\/stolni-lampa-3\/"},"modified":"2025-02-16T02:47:50","modified_gmt":"2025-02-16T01:47:50","slug":"stolni-lampa-3","status":"publish","type":"product","link":"https:\/\/eterle.cz\/eshop\/produkt\/stolni-lampa-3\/","title":{"rendered":"Stoln\u00ed lampa"},"content":{"rendered":"<p>Kr\u00e1sn\u00e1 stoln\u00ed lampi\u010dka z 60. let minul\u00e9ho stolet\u00ed od v\u00fdrobce Lidokov. Lidokov byl zalo\u017een v roce 1951 v Brunt\u00e1le a v 80. letech se stal jedn\u00edm z nejv\u011bt\u0161\u00edch v\u00fdrobc\u016f sv\u011btel v \u010ceskoslovensku. St\u00ednidlo lampy je z leskl\u00e9ho \u010dern\u00e9ho kovu, kter\u00e9 je posazeno na chromov\u00e9 noze.<\/p>\n<p>Stav: dobr\u00fd, el. nov\u00e1<br \/>\nZna\u010dka: Lidokov<br \/>\nRozm\u011br<br \/>\nV\u00fd\u0161ka: 45 cm<br \/>\nPr\u016fm\u011br st\u00ednidla: 37 cm<\/p>\n","protected":false},"excerpt":{"rendered":"<p>Kr\u00e1sn\u00e1 stoln\u00ed lampi\u010dka z 60. let minul\u00e9ho stolet\u00ed od v\u00fdrobce Lidokov. Lidokov byl zalo\u017een v roce 1951 v Brunt\u00e1le a<\/p>\n","protected":false},"featured_media":18371,"template":"","meta":[],"product_brand":[153],"product_cat":[91],"product_tag":[],"class_list":{"0":"post-18485","1":"product","2":"type-product","3":"status-publish","4":"has-post-thumbnail","6":"product_brand-eterle-cz","7":"product_cat-prodane","8":"product_shipping_class-nadrozmerne","10":"first","11":"outofstock","12":"purchasable","13":"product-type-simple"},"_links":{"self":[{"href":"https:\/\/eterle.cz\/eshop\/wp-json\/wp\/v2\/product\/18485","targetHints":{"allow":["GET"]}}],"collection":[{"href":"https:\/\/eterle.cz\/eshop\/wp-json\/wp\/v2\/product"}],"about":[{"href":"https:\/\/eterle.cz\/eshop\/wp-json\/wp\/v2\/types\/product"}],"version-history":[{"count":0,"href":"https:\/\/eterle.cz\/eshop\/wp-json\/wp\/v2\/product\/18485\/revisions"}],"wp:featuredmedia":[{"embeddable":true,"href":"https:\/\/eterle.cz\/eshop\/wp-json\/wp\/v2\/media\/18371"}],"wp:attachment":[{"href":"https:\/\/eterle.cz\/eshop\/wp-json\/wp\/v2\/media?parent=18485"}],"wp:term":[{"taxonomy":"product_brand","embeddable":true,"href":"https:\/\/eterle.cz\/eshop\/wp-json\/wp\/v2\/product_brand?post=18485"},{"taxonomy":"product_cat","embeddable":true,"href":"https:\/\/eterle.cz\/eshop\/wp-json\/wp\/v2\/product_cat?post=18485"},{"taxonomy":"product_tag","embeddable":true,"href":"https:\/\/eterle.cz\/eshop\/wp-json\/wp\/v2\/product_tag?post=18485"}],"curies":[{"name":"wp","href":"https:\/\/api.w.org\/{rel}","templated":true}]}}