{"id":18486,"date":"2024-02-08T19:22:55","date_gmt":"2024-02-08T18:22:55","guid":{"rendered":"https:\/\/eterle.cz\/eshop\/produkt\/stolni-lampicka-oko-2\/"},"modified":"2025-02-16T02:47:49","modified_gmt":"2025-02-16T01:47:49","slug":"stolni-lampicka-oko-2","status":"publish","type":"product","link":"https:\/\/eterle.cz\/eshop\/produkt\/stolni-lampicka-oko-2\/","title":{"rendered":"Stoln\u00ed lampi\u010dka oko"},"content":{"rendered":"<p>Zaj\u00edmav\u00e1 oran\u017eov\u00e1 retro lampi\u010dka tzv. \u201coko\u201d z 60. let minul\u00e9ho stolet\u00ed.<\/p>\n<p>Stav: dobr\u00fd, hlin\u00edkov\u00fd okraj prom\u00e1\u010dkl\u00fd oblou\u010dek asi 1,5 cm; el. p\u016fvodn\u00ed, funk\u010dn\u00ed<br \/>\nRozm\u011br<br \/>\nV\u00fd\u0161ka: 22 cm<br \/>\n\u0160\u00ed\u0159ka st\u00ednidla: 15 cm<\/p>\n","protected":false},"excerpt":{"rendered":"<p>Zaj\u00edmav\u00e1 oran\u017eov\u00e1 retro lampi\u010dka tzv. \u201coko\u201d z 60. let minul\u00e9ho stolet\u00ed. Stav: dobr\u00fd, hlin\u00edkov\u00fd okraj prom\u00e1\u010dkl\u00fd oblou\u010dek asi 1,5 cm;<\/p>\n","protected":false},"featured_media":18379,"template":"","meta":[],"product_brand":[153],"product_cat":[91],"product_tag":[],"class_list":{"0":"post-18486","1":"product","2":"type-product","3":"status-publish","4":"has-post-thumbnail","6":"product_brand-eterle-cz","7":"product_cat-prodane","8":"product_shipping_class-nadrozmerne","10":"first","11":"outofstock","12":"purchasable","13":"product-type-simple"},"_links":{"self":[{"href":"https:\/\/eterle.cz\/eshop\/wp-json\/wp\/v2\/product\/18486","targetHints":{"allow":["GET"]}}],"collection":[{"href":"https:\/\/eterle.cz\/eshop\/wp-json\/wp\/v2\/product"}],"about":[{"href":"https:\/\/eterle.cz\/eshop\/wp-json\/wp\/v2\/types\/product"}],"version-history":[{"count":0,"href":"https:\/\/eterle.cz\/eshop\/wp-json\/wp\/v2\/product\/18486\/revisions"}],"wp:featuredmedia":[{"embeddable":true,"href":"https:\/\/eterle.cz\/eshop\/wp-json\/wp\/v2\/media\/18379"}],"wp:attachment":[{"href":"https:\/\/eterle.cz\/eshop\/wp-json\/wp\/v2\/media?parent=18486"}],"wp:term":[{"taxonomy":"product_brand","embeddable":true,"href":"https:\/\/eterle.cz\/eshop\/wp-json\/wp\/v2\/product_brand?post=18486"},{"taxonomy":"product_cat","embeddable":true,"href":"https:\/\/eterle.cz\/eshop\/wp-json\/wp\/v2\/product_cat?post=18486"},{"taxonomy":"product_tag","embeddable":true,"href":"https:\/\/eterle.cz\/eshop\/wp-json\/wp\/v2\/product_tag?post=18486"}],"curies":[{"name":"wp","href":"https:\/\/api.w.org\/{rel}","templated":true}]}}