{"id":18487,"date":"2024-02-08T19:23:01","date_gmt":"2024-02-08T18:23:01","guid":{"rendered":"https:\/\/eterle.cz\/eshop\/produkt\/stolni-lampa-tabery\/"},"modified":"2025-07-30T23:14:19","modified_gmt":"2025-07-30T21:14:19","slug":"stolni-lampa-tabery","status":"publish","type":"product","link":"https:\/\/eterle.cz\/eshop\/produkt\/stolni-lampa-tabery\/","title":{"rendered":"Stoln\u00ed lampa \/ Tabery"},"content":{"rendered":"<p>Obl\u00edben\u00e1 stoln\u00ed lampa podle n\u00e1vrhu design\u00e9ra \u0160t\u011bp\u00e1na Tabery, kterou navrhl v 70. letech pro Osv\u011btlovac\u00ed sklo, st\u0159edisko podniku v Kostanech u Teplic. Jde o ikonick\u00fd, notoricky zn\u00e1m\u00fd model z op\u00e1lov\u00e9ho skla, kter\u00e9 je v jednom kuse spole\u010dn\u011b s podstavcem. P\u0159i rozsv\u00edcen\u00ed se v\u0161ak rozz\u00e1\u0159\u00ed pouze jeho horn\u00ed \u010d\u00e1st.<\/p>\n<p>Na \u00favodn\u00ed fotce lampa s kovov\u00fdm spodkem, tato LAMPA M\u00c1\u00a0 SPODN\u00cd PROU\u017dEK PLASTOV\u00dd\u00a0 (vid\u011bt na detailu fotky), jinak je zcela toto\u017en\u00e1.<\/p>\n<p>Stav: dobr\u00fd, el. p\u016fvodn\u00ed, funk\u010dn\u00ed<br \/>\nZna\u010dka: \u0160t\u011bp\u00e1n Tabery<br \/>\nRozm\u011br<br \/>\nV\u00fd\u0161ka: 41 cm<br \/>\nPr\u016fm\u011br: 25 cm<\/p>\n","protected":false},"excerpt":{"rendered":"<p>Obl\u00edben\u00e1 stoln\u00ed lampa podle n\u00e1vrhu design\u00e9ra \u0160t\u011bp\u00e1na Tabery, kterou navrhl v 70. letech pro Osv\u011btlovac\u00ed sklo, st\u0159edisko podniku v Kostanech<\/p>\n","protected":false},"featured_media":18385,"template":"","meta":[],"product_brand":[153],"product_cat":[91],"product_tag":[],"class_list":{"0":"post-18487","1":"product","2":"type-product","3":"status-publish","4":"has-post-thumbnail","6":"product_brand-eterle-cz","7":"product_cat-prodane","8":"product_shipping_class-nadrozmerne","10":"first","11":"outofstock","12":"purchasable","13":"product-type-simple"},"_links":{"self":[{"href":"https:\/\/eterle.cz\/eshop\/wp-json\/wp\/v2\/product\/18487","targetHints":{"allow":["GET"]}}],"collection":[{"href":"https:\/\/eterle.cz\/eshop\/wp-json\/wp\/v2\/product"}],"about":[{"href":"https:\/\/eterle.cz\/eshop\/wp-json\/wp\/v2\/types\/product"}],"version-history":[{"count":2,"href":"https:\/\/eterle.cz\/eshop\/wp-json\/wp\/v2\/product\/18487\/revisions"}],"predecessor-version":[{"id":26379,"href":"https:\/\/eterle.cz\/eshop\/wp-json\/wp\/v2\/product\/18487\/revisions\/26379"}],"wp:featuredmedia":[{"embeddable":true,"href":"https:\/\/eterle.cz\/eshop\/wp-json\/wp\/v2\/media\/18385"}],"wp:attachment":[{"href":"https:\/\/eterle.cz\/eshop\/wp-json\/wp\/v2\/media?parent=18487"}],"wp:term":[{"taxonomy":"product_brand","embeddable":true,"href":"https:\/\/eterle.cz\/eshop\/wp-json\/wp\/v2\/product_brand?post=18487"},{"taxonomy":"product_cat","embeddable":true,"href":"https:\/\/eterle.cz\/eshop\/wp-json\/wp\/v2\/product_cat?post=18487"},{"taxonomy":"product_tag","embeddable":true,"href":"https:\/\/eterle.cz\/eshop\/wp-json\/wp\/v2\/product_tag?post=18487"}],"curies":[{"name":"wp","href":"https:\/\/api.w.org\/{rel}","templated":true}]}}