{"id":18499,"date":"2024-02-08T19:23:54","date_gmt":"2024-02-08T18:23:54","guid":{"rendered":"https:\/\/eterle.cz\/eshop\/produkt\/lustr-6\/"},"modified":"2025-02-16T02:47:47","modified_gmt":"2025-02-16T01:47:47","slug":"lustr-6","status":"publish","type":"product","link":"https:\/\/eterle.cz\/eshop\/produkt\/lustr-6\/","title":{"rendered":"Lustr"},"content":{"rendered":"<p>Velmi zaj\u00edmav\u00fd lustr vyroben v 60. letech minul\u00e9ho stoelt\u00ed podle lustru od italsk\u00e9ho design\u00e9ra Bruna Gatta (model \u010d. 1088. ), kter\u00fd byl vyr\u00e1b\u011bn firmou Stilnovo.<\/p>\n<p>Stav: dobr\u00fd; el. p\u016fvodn\u00ed, funk\u010dn\u00ed<br \/>\nRozm\u011br<br \/>\nV\u00fd\u0161ka: 61 cm<br \/>\nD\u00e9lka ty\u010de: 35 cm<br \/>\nPr\u016fm\u011br st\u00ednidla: 40 cm<\/p>\n","protected":false},"excerpt":{"rendered":"<p>Velmi zaj\u00edmav\u00fd lustr vyroben v 60. letech minul\u00e9ho stoelt\u00ed podle lustru od italsk\u00e9ho design\u00e9ra Bruna Gatta (model \u010d. 1088. ),<\/p>\n","protected":false},"featured_media":18500,"template":"","meta":[],"product_brand":[153],"product_cat":[91],"product_tag":[],"class_list":{"0":"post-18499","1":"product","2":"type-product","3":"status-publish","4":"has-post-thumbnail","6":"product_brand-eterle-cz","7":"product_cat-prodane","8":"product_shipping_class-nadrozmerne","10":"first","11":"outofstock","12":"purchasable","13":"product-type-simple"},"_links":{"self":[{"href":"https:\/\/eterle.cz\/eshop\/wp-json\/wp\/v2\/product\/18499","targetHints":{"allow":["GET"]}}],"collection":[{"href":"https:\/\/eterle.cz\/eshop\/wp-json\/wp\/v2\/product"}],"about":[{"href":"https:\/\/eterle.cz\/eshop\/wp-json\/wp\/v2\/types\/product"}],"version-history":[{"count":0,"href":"https:\/\/eterle.cz\/eshop\/wp-json\/wp\/v2\/product\/18499\/revisions"}],"wp:featuredmedia":[{"embeddable":true,"href":"https:\/\/eterle.cz\/eshop\/wp-json\/wp\/v2\/media\/18500"}],"wp:attachment":[{"href":"https:\/\/eterle.cz\/eshop\/wp-json\/wp\/v2\/media?parent=18499"}],"wp:term":[{"taxonomy":"product_brand","embeddable":true,"href":"https:\/\/eterle.cz\/eshop\/wp-json\/wp\/v2\/product_brand?post=18499"},{"taxonomy":"product_cat","embeddable":true,"href":"https:\/\/eterle.cz\/eshop\/wp-json\/wp\/v2\/product_cat?post=18499"},{"taxonomy":"product_tag","embeddable":true,"href":"https:\/\/eterle.cz\/eshop\/wp-json\/wp\/v2\/product_tag?post=18499"}],"curies":[{"name":"wp","href":"https:\/\/api.w.org\/{rel}","templated":true}]}}