{"id":18507,"date":"2024-02-08T19:24:10","date_gmt":"2024-02-08T18:24:10","guid":{"rendered":"https:\/\/eterle.cz\/eshop\/produkt\/lustr-7\/"},"modified":"2025-06-24T01:54:34","modified_gmt":"2025-06-23T23:54:34","slug":"lustr-7","status":"publish","type":"product","link":"https:\/\/eterle.cz\/eshop\/produkt\/lustr-7\/","title":{"rendered":"Lustr"},"content":{"rendered":"<p>Lustr v pastelov\u00fdch barv\u00e1ch je d\u00edky sv\u00e9 \u0161\u00ed\u0159i vhodn\u00fd p\u0159edev\u0161\u00edm nad j\u00eddeln\u00ed st\u016fl. Zvl\u00e1\u0161tn\u00ed je kombinace sklen\u011bn\u00fdch a kovov\u00fdch st\u00ednidel.<\/p>\n<p>Stav: st\u00ednidla v po\u0159\u00e1dku, ty\u010d koroze; el. p\u016fvodn\u00ed, funk\u010dn\u00ed<br \/>\nRozm\u011br<br \/>\nV\u00fd\u0161ka: 74 cm<br \/>\nCelkov\u00e1 \u0161\u00ed\u0159e: 54 cm<br \/>\nPr\u016fm\u011br st\u00ednidla: 26 cm<\/p>\n","protected":false},"excerpt":{"rendered":"<p>Lustr v pastelov\u00fdch barv\u00e1ch je d\u00edky sv\u00e9 \u0161\u00ed\u0159i vhodn\u00fd p\u0159edev\u0161\u00edm nad j\u00eddeln\u00ed st\u016fl. Zvl\u00e1\u0161tn\u00ed je kombinace sklen\u011bn\u00fdch a kovov\u00fdch st\u00ednidel.<\/p>\n","protected":false},"featured_media":18508,"template":"","meta":[],"product_brand":[153],"product_cat":[79,140],"product_tag":[],"class_list":{"0":"post-18507","1":"product","2":"type-product","3":"status-publish","4":"has-post-thumbnail","6":"product_brand-eterle-cz","7":"product_cat-svetla","8":"product_cat-lustry","9":"product_shipping_class-nadrozmerne","11":"first","12":"instock","13":"purchasable","14":"product-type-simple"},"_links":{"self":[{"href":"https:\/\/eterle.cz\/eshop\/wp-json\/wp\/v2\/product\/18507","targetHints":{"allow":["GET"]}}],"collection":[{"href":"https:\/\/eterle.cz\/eshop\/wp-json\/wp\/v2\/product"}],"about":[{"href":"https:\/\/eterle.cz\/eshop\/wp-json\/wp\/v2\/types\/product"}],"version-history":[{"count":1,"href":"https:\/\/eterle.cz\/eshop\/wp-json\/wp\/v2\/product\/18507\/revisions"}],"predecessor-version":[{"id":26376,"href":"https:\/\/eterle.cz\/eshop\/wp-json\/wp\/v2\/product\/18507\/revisions\/26376"}],"wp:featuredmedia":[{"embeddable":true,"href":"https:\/\/eterle.cz\/eshop\/wp-json\/wp\/v2\/media\/18508"}],"wp:attachment":[{"href":"https:\/\/eterle.cz\/eshop\/wp-json\/wp\/v2\/media?parent=18507"}],"wp:term":[{"taxonomy":"product_brand","embeddable":true,"href":"https:\/\/eterle.cz\/eshop\/wp-json\/wp\/v2\/product_brand?post=18507"},{"taxonomy":"product_cat","embeddable":true,"href":"https:\/\/eterle.cz\/eshop\/wp-json\/wp\/v2\/product_cat?post=18507"},{"taxonomy":"product_tag","embeddable":true,"href":"https:\/\/eterle.cz\/eshop\/wp-json\/wp\/v2\/product_tag?post=18507"}],"curies":[{"name":"wp","href":"https:\/\/api.w.org\/{rel}","templated":true}]}}