{"id":18516,"date":"2024-02-08T19:24:28","date_gmt":"2024-02-08T18:24:28","guid":{"rendered":"https:\/\/eterle.cz\/eshop\/produkt\/lustr-j-bejvl\/"},"modified":"2025-06-24T01:54:34","modified_gmt":"2025-06-23T23:54:34","slug":"lustr-j-bejvl","status":"publish","type":"product","link":"https:\/\/eterle.cz\/eshop\/produkt\/lustr-j-bejvl\/","title":{"rendered":"Lustr \/ J. Bejvl"},"content":{"rendered":"<p>Lustr z poloviny minul\u00e9ho stolet\u00ed od design\u00e9ra Jaroslava Bejvlta pro Kamenick\u00fd \u0160enov. Jaroslav Bejvl dos\u00e1hl v\u011bhlasu v \u010cesku i v zahrani\u010d\u00ed p\u0159edev\u0161\u00edm d\u00edky citu pro pr\u00e1ci se sklem, ale byl tak\u00e9 uzn\u00e1van\u00fd medajl\u00e9r. Mezi jeho presti\u017en\u00ed zak\u00e1zky pat\u0159\u00ed nap\u0159\u00edklad pr\u00e1ce pro operu v Teher\u00e1nu, kr\u00e1lovskou rezidenci v Rij\u00e1du nebo hotel Ritz Carlton v Singapuru a v Hongkongu. Lustr je v kombinaci skla a kovu.<\/p>\n<p>Stav: s patinou odpov\u00eddaj\u00edc\u00ed st\u00e1\u0159\u00ed, ty\u010d zn\u00e1mky koroze; el. p\u016fvodn\u00ed, funk\u010dn\u00ed<br \/>\nZna\u010dka: Jaroslav Bejvl, Kamenick\u00fd \u0160enov<br \/>\nRozm\u011br<br \/>\nV\u00fd\u0161ka: 65 cm<br \/>\nV\u00fd\u0161ka ty\u010de: 50 cm<br \/>\nPr\u016fm\u011br: 57 cm<\/p>\n","protected":false},"excerpt":{"rendered":"<p>Lustr z poloviny minul\u00e9ho stolet\u00ed od design\u00e9ra Jaroslava Bejvlta pro Kamenick\u00fd \u0160enov. Jaroslav Bejvl dos\u00e1hl v\u011bhlasu v \u010cesku i v<\/p>\n","protected":false},"featured_media":18517,"template":"","meta":[],"product_brand":[153],"product_cat":[79,140],"product_tag":[],"class_list":{"0":"post-18516","1":"product","2":"type-product","3":"status-publish","4":"has-post-thumbnail","6":"product_brand-eterle-cz","7":"product_cat-svetla","8":"product_cat-lustry","9":"product_shipping_class-nadrozmerne","11":"first","12":"instock","13":"purchasable","14":"product-type-simple"},"_links":{"self":[{"href":"https:\/\/eterle.cz\/eshop\/wp-json\/wp\/v2\/product\/18516","targetHints":{"allow":["GET"]}}],"collection":[{"href":"https:\/\/eterle.cz\/eshop\/wp-json\/wp\/v2\/product"}],"about":[{"href":"https:\/\/eterle.cz\/eshop\/wp-json\/wp\/v2\/types\/product"}],"version-history":[{"count":2,"href":"https:\/\/eterle.cz\/eshop\/wp-json\/wp\/v2\/product\/18516\/revisions"}],"predecessor-version":[{"id":26375,"href":"https:\/\/eterle.cz\/eshop\/wp-json\/wp\/v2\/product\/18516\/revisions\/26375"}],"wp:featuredmedia":[{"embeddable":true,"href":"https:\/\/eterle.cz\/eshop\/wp-json\/wp\/v2\/media\/18517"}],"wp:attachment":[{"href":"https:\/\/eterle.cz\/eshop\/wp-json\/wp\/v2\/media?parent=18516"}],"wp:term":[{"taxonomy":"product_brand","embeddable":true,"href":"https:\/\/eterle.cz\/eshop\/wp-json\/wp\/v2\/product_brand?post=18516"},{"taxonomy":"product_cat","embeddable":true,"href":"https:\/\/eterle.cz\/eshop\/wp-json\/wp\/v2\/product_cat?post=18516"},{"taxonomy":"product_tag","embeddable":true,"href":"https:\/\/eterle.cz\/eshop\/wp-json\/wp\/v2\/product_tag?post=18516"}],"curies":[{"name":"wp","href":"https:\/\/api.w.org\/{rel}","templated":true}]}}