{"id":18542,"date":"2024-02-08T19:25:33","date_gmt":"2024-02-08T18:25:33","guid":{"rendered":"https:\/\/eterle.cz\/eshop\/produkt\/lustr-opalove-sklo-4\/"},"modified":"2025-02-16T02:47:45","modified_gmt":"2025-02-16T01:47:45","slug":"lustr-opalove-sklo-4","status":"publish","type":"product","link":"https:\/\/eterle.cz\/eshop\/produkt\/lustr-opalove-sklo-4\/","title":{"rendered":"Lustr op\u00e1lov\u00e9 sklo"},"content":{"rendered":"<p>Minimalistick\u00fd lustr z op\u00e1lov\u00e9ho skla sv\u00fdm tvarem p\u0159ipom\u00ednaj\u00edc\u00ed ufo. K dispozici m\u00e1me je\u0161t\u011b jeden s lehce odli\u0161nou barvou kovov\u00e9ho v\u00e1lce &#8211; m\u00e9n\u011b do r\u016f\u017eova\/m\u011bd\u011bna.<\/p>\n<p>Stav: dobr\u00fd; el. p\u016fvodn\u00ed<br \/>\nRozm\u011br<br \/>\nV\u00fd\u0161ka: 93 cm<br \/>\nV\u00fd\u0161ka ty\u010de: 78 cm<br \/>\nPr\u016fm\u011br st\u00ednidla: 33 cm<\/p>\n","protected":false},"excerpt":{"rendered":"<p>Minimalistick\u00fd lustr z op\u00e1lov\u00e9ho skla sv\u00fdm tvarem p\u0159ipom\u00ednaj\u00edc\u00ed ufo. K dispozici m\u00e1me je\u0161t\u011b jeden s lehce odli\u0161nou barvou kovov\u00e9ho v\u00e1lce<\/p>\n","protected":false},"featured_media":18543,"template":"","meta":[],"product_brand":[153],"product_cat":[91],"product_tag":[],"class_list":{"0":"post-18542","1":"product","2":"type-product","3":"status-publish","4":"has-post-thumbnail","6":"product_brand-eterle-cz","7":"product_cat-prodane","8":"product_shipping_class-nadrozmerne","10":"first","11":"outofstock","12":"purchasable","13":"product-type-simple"},"_links":{"self":[{"href":"https:\/\/eterle.cz\/eshop\/wp-json\/wp\/v2\/product\/18542","targetHints":{"allow":["GET"]}}],"collection":[{"href":"https:\/\/eterle.cz\/eshop\/wp-json\/wp\/v2\/product"}],"about":[{"href":"https:\/\/eterle.cz\/eshop\/wp-json\/wp\/v2\/types\/product"}],"version-history":[{"count":0,"href":"https:\/\/eterle.cz\/eshop\/wp-json\/wp\/v2\/product\/18542\/revisions"}],"wp:featuredmedia":[{"embeddable":true,"href":"https:\/\/eterle.cz\/eshop\/wp-json\/wp\/v2\/media\/18543"}],"wp:attachment":[{"href":"https:\/\/eterle.cz\/eshop\/wp-json\/wp\/v2\/media?parent=18542"}],"wp:term":[{"taxonomy":"product_brand","embeddable":true,"href":"https:\/\/eterle.cz\/eshop\/wp-json\/wp\/v2\/product_brand?post=18542"},{"taxonomy":"product_cat","embeddable":true,"href":"https:\/\/eterle.cz\/eshop\/wp-json\/wp\/v2\/product_cat?post=18542"},{"taxonomy":"product_tag","embeddable":true,"href":"https:\/\/eterle.cz\/eshop\/wp-json\/wp\/v2\/product_tag?post=18542"}],"curies":[{"name":"wp","href":"https:\/\/api.w.org\/{rel}","templated":true}]}}