{"id":18565,"date":"2024-02-08T19:26:26","date_gmt":"2024-02-08T18:26:26","guid":{"rendered":"https:\/\/eterle.cz\/eshop\/produkt\/stojaci-lampa-kamenicky-senov\/"},"modified":"2025-02-16T02:47:44","modified_gmt":"2025-02-16T01:47:44","slug":"stojaci-lampa-kamenicky-senov","status":"publish","type":"product","link":"https:\/\/eterle.cz\/eshop\/produkt\/stojaci-lampa-kamenicky-senov\/","title":{"rendered":"Stojac\u00ed lampa \/ Kamenick\u00fd \u0160enov"},"content":{"rendered":"<p>Stojac\u00ed lampa z 60. let minul\u00e9ho stolet\u00ed v obl\u00edbenem bruselsk\u00e9m stylu.<\/p>\n<p>Stav: kovov\u00e9 \u010d\u00e1sti koroze, jedno st\u00ednidlo m\u00e1 nepatrn\u00e9 \u0161t\u00edpnut\u00ed na okraji; el. nov\u00e1<br \/>\nZna\u010dka: Kamenick\u00fd \u0160enov<br \/>\nRozm\u011br<br \/>\nV\u00fd\u0161ka: 140 cm<br \/>\nPr\u016fm\u011br podstavce: 28 cm<\/p>\n","protected":false},"excerpt":{"rendered":"<p>Stojac\u00ed lampa z 60. let minul\u00e9ho stolet\u00ed v obl\u00edbenem bruselsk\u00e9m stylu. Stav: kovov\u00e9 \u010d\u00e1sti koroze, jedno st\u00ednidlo m\u00e1 nepatrn\u00e9 \u0161t\u00edpnut\u00ed<\/p>\n","protected":false},"featured_media":18566,"template":"","meta":[],"product_brand":[153],"product_cat":[91],"product_tag":[],"class_list":{"0":"post-18565","1":"product","2":"type-product","3":"status-publish","4":"has-post-thumbnail","6":"product_brand-eterle-cz","7":"product_cat-prodane","8":"product_shipping_class-nadrozmerne","10":"first","11":"outofstock","12":"purchasable","13":"product-type-simple"},"_links":{"self":[{"href":"https:\/\/eterle.cz\/eshop\/wp-json\/wp\/v2\/product\/18565","targetHints":{"allow":["GET"]}}],"collection":[{"href":"https:\/\/eterle.cz\/eshop\/wp-json\/wp\/v2\/product"}],"about":[{"href":"https:\/\/eterle.cz\/eshop\/wp-json\/wp\/v2\/types\/product"}],"version-history":[{"count":0,"href":"https:\/\/eterle.cz\/eshop\/wp-json\/wp\/v2\/product\/18565\/revisions"}],"wp:featuredmedia":[{"embeddable":true,"href":"https:\/\/eterle.cz\/eshop\/wp-json\/wp\/v2\/media\/18566"}],"wp:attachment":[{"href":"https:\/\/eterle.cz\/eshop\/wp-json\/wp\/v2\/media?parent=18565"}],"wp:term":[{"taxonomy":"product_brand","embeddable":true,"href":"https:\/\/eterle.cz\/eshop\/wp-json\/wp\/v2\/product_brand?post=18565"},{"taxonomy":"product_cat","embeddable":true,"href":"https:\/\/eterle.cz\/eshop\/wp-json\/wp\/v2\/product_cat?post=18565"},{"taxonomy":"product_tag","embeddable":true,"href":"https:\/\/eterle.cz\/eshop\/wp-json\/wp\/v2\/product_tag?post=18565"}],"curies":[{"name":"wp","href":"https:\/\/api.w.org\/{rel}","templated":true}]}}