{"id":18597,"date":"2024-02-08T19:27:31","date_gmt":"2024-02-08T18:27:31","guid":{"rendered":"https:\/\/eterle.cz\/eshop\/produkt\/komoda-u-452-jiroutek-3\/"},"modified":"2025-02-16T02:47:43","modified_gmt":"2025-02-16T01:47:43","slug":"komoda-u-452-jiroutek-3","status":"publish","type":"product","link":"https:\/\/eterle.cz\/eshop\/produkt\/komoda-u-452-jiroutek-3\/","title":{"rendered":"Komoda U-452 \/ Jiroutek"},"content":{"rendered":"<p>Origin\u00e1ln\u00ed retro sk\u0159\u00ed\u0148ka U-452 se \u0161oupac\u00edmi dv\u00ed\u0159ky ze s\u00e9rie sektorov\u00e9ho n\u00e1bytku vyr\u00e1b\u011bn\u00e9ho v 60. letech v n\u00e1rodn\u00edm podniku Interi\u00e9r Praha podle n\u00e1vrhu\u00a0Ji\u0159\u00edho Jiroutka. Komody tohoto typu byly tak\u00e9 vystaveny na proslul\u00e9m veletrhu Expo 58 v Bruselu.<\/p>\n<p>Stav: na desce dva kruhy od vody, jinak stav dobr\u00fd. Na boku chyb\u00ed cca 1 cm2 d\u00fdhy<br \/>\nZna\u010dka: Ji\u0159\u00ed Jiroutek<br \/>\nRozm\u011br<br \/>\nV\u00fd\u0161ka: 75 cm<br \/>\nD\u00e9lka: 110 cm<br \/>\nHloubka: 45 cm<\/p>\n","protected":false},"excerpt":{"rendered":"<p>Origin\u00e1ln\u00ed retro sk\u0159\u00ed\u0148ka U-452 se \u0161oupac\u00edmi dv\u00ed\u0159ky ze s\u00e9rie sektorov\u00e9ho n\u00e1bytku vyr\u00e1b\u011bn\u00e9ho v 60. letech v n\u00e1rodn\u00edm podniku Interi\u00e9r Praha<\/p>\n","protected":false},"featured_media":18598,"template":"","meta":[],"product_brand":[153],"product_cat":[91],"product_tag":[],"class_list":{"0":"post-18597","1":"product","2":"type-product","3":"status-publish","4":"has-post-thumbnail","6":"product_brand-eterle-cz","7":"product_cat-prodane","8":"product_shipping_class-nadrozmerne","10":"first","11":"outofstock","12":"purchasable","13":"product-type-simple"},"_links":{"self":[{"href":"https:\/\/eterle.cz\/eshop\/wp-json\/wp\/v2\/product\/18597","targetHints":{"allow":["GET"]}}],"collection":[{"href":"https:\/\/eterle.cz\/eshop\/wp-json\/wp\/v2\/product"}],"about":[{"href":"https:\/\/eterle.cz\/eshop\/wp-json\/wp\/v2\/types\/product"}],"version-history":[{"count":0,"href":"https:\/\/eterle.cz\/eshop\/wp-json\/wp\/v2\/product\/18597\/revisions"}],"wp:featuredmedia":[{"embeddable":true,"href":"https:\/\/eterle.cz\/eshop\/wp-json\/wp\/v2\/media\/18598"}],"wp:attachment":[{"href":"https:\/\/eterle.cz\/eshop\/wp-json\/wp\/v2\/media?parent=18597"}],"wp:term":[{"taxonomy":"product_brand","embeddable":true,"href":"https:\/\/eterle.cz\/eshop\/wp-json\/wp\/v2\/product_brand?post=18597"},{"taxonomy":"product_cat","embeddable":true,"href":"https:\/\/eterle.cz\/eshop\/wp-json\/wp\/v2\/product_cat?post=18597"},{"taxonomy":"product_tag","embeddable":true,"href":"https:\/\/eterle.cz\/eshop\/wp-json\/wp\/v2\/product_tag?post=18597"}],"curies":[{"name":"wp","href":"https:\/\/api.w.org\/{rel}","templated":true}]}}