{"id":18623,"date":"2024-02-08T19:28:22","date_gmt":"2024-02-08T18:28:22","guid":{"rendered":"https:\/\/eterle.cz\/eshop\/produkt\/nocni-stolek-2\/"},"modified":"2025-02-16T02:47:43","modified_gmt":"2025-02-16T01:47:43","slug":"nocni-stolek-2","status":"publish","type":"product","link":"https:\/\/eterle.cz\/eshop\/produkt\/nocni-stolek-2\/","title":{"rendered":"No\u010dn\u00ed stolek"},"content":{"rendered":"<p>No\u010dn\u00ed stolek z obdob\u00ed Art deco nezvykle prostorn\u00fd. D\u00edky dv\u011bma \u0161upl\u00edk\u016fm a sk\u0159\u00ed\u0148ce do n\u011bj uschov\u00e1te, v\u0161e, co budete pot\u0159ebovat. Krom kalsick\u00e9ho vyu\u017eit\u00ed vedle postele, jej m\u016f\u017eete d\u00e1t i do chodby nebo kamkoliv, kde v\u00e1m sch\u00e1z\u00ed neobvykl\u00fd odkl\u00e1dac\u00ed stolek.<\/p>\n<p>Do pozn\u00e1mky uve\u010fte, zda m\u00e1te z\u00e1jem o prav\u00fd \u010di lev\u00fd<\/p>\n<p>Stav: prav\u00fd m\u00e1 poru\u0161enou d\u00fdhu na vodorovn\u00e9 plo\u0161e; lev\u00fd ok lehk\u00e1 patina<br \/>\nRorm\u011br<br \/>\nV\u00fd\u0161ka: 58 cm<br \/>\n\u0160\u00ed\u0159ka: 58 cm<br \/>\nHloubka: 40 cm<\/p>\n","protected":false},"excerpt":{"rendered":"<p>No\u010dn\u00ed stolek z obdob\u00ed Art deco nezvykle prostorn\u00fd. D\u00edky dv\u011bma \u0161upl\u00edk\u016fm a sk\u0159\u00ed\u0148ce do n\u011bj uschov\u00e1te, v\u0161e, co budete pot\u0159ebovat.<\/p>\n","protected":false},"featured_media":18609,"template":"","meta":[],"product_brand":[153],"product_cat":[91],"product_tag":[],"class_list":{"0":"post-18623","1":"product","2":"type-product","3":"status-publish","4":"has-post-thumbnail","6":"product_brand-eterle-cz","7":"product_cat-prodane","8":"product_shipping_class-nadrozmerne","10":"first","11":"outofstock","12":"purchasable","13":"product-type-simple"},"_links":{"self":[{"href":"https:\/\/eterle.cz\/eshop\/wp-json\/wp\/v2\/product\/18623","targetHints":{"allow":["GET"]}}],"collection":[{"href":"https:\/\/eterle.cz\/eshop\/wp-json\/wp\/v2\/product"}],"about":[{"href":"https:\/\/eterle.cz\/eshop\/wp-json\/wp\/v2\/types\/product"}],"version-history":[{"count":0,"href":"https:\/\/eterle.cz\/eshop\/wp-json\/wp\/v2\/product\/18623\/revisions"}],"wp:featuredmedia":[{"embeddable":true,"href":"https:\/\/eterle.cz\/eshop\/wp-json\/wp\/v2\/media\/18609"}],"wp:attachment":[{"href":"https:\/\/eterle.cz\/eshop\/wp-json\/wp\/v2\/media?parent=18623"}],"wp:term":[{"taxonomy":"product_brand","embeddable":true,"href":"https:\/\/eterle.cz\/eshop\/wp-json\/wp\/v2\/product_brand?post=18623"},{"taxonomy":"product_cat","embeddable":true,"href":"https:\/\/eterle.cz\/eshop\/wp-json\/wp\/v2\/product_cat?post=18623"},{"taxonomy":"product_tag","embeddable":true,"href":"https:\/\/eterle.cz\/eshop\/wp-json\/wp\/v2\/product_tag?post=18623"}],"curies":[{"name":"wp","href":"https:\/\/api.w.org\/{rel}","templated":true}]}}