{"id":18783,"date":"2024-04-24T22:42:12","date_gmt":"2024-04-24T20:42:12","guid":{"rendered":"https:\/\/eterle.cz\/eshop\/produkt\/sada-na-kavu-pro-6\/"},"modified":"2025-02-16T02:47:42","modified_gmt":"2025-02-16T01:47:42","slug":"sada-na-kavu-pro-6","status":"publish","type":"product","link":"https:\/\/eterle.cz\/eshop\/produkt\/sada-na-kavu-pro-6\/","title":{"rendered":"Sada na k\u00e1vu pro 6"},"content":{"rendered":"<p>Elegantn\u00ed souprava ne espresso v minimalistick\u00fdch lin\u00edch av\u0161ak v\u00fdrazn\u00e1 kobaltovou modrou barvou. Kvalitn\u00ed av\u0161ak nezna\u010den\u00fd porcel\u00e1n.<\/p>\n<p>Sada obsahuje: \u010dajovou konvici, cuk\u0159enku, ml\u00e9kovku, 6x \u0161ap\u00f3 (15 ks)<\/p>\n<p>Stav: nov\u00e9<br \/>\nRozm\u011br<br \/>\nObjem konvice: 600 ml<br \/>\nObjem ml\u00e9kovky: 100 ml<br \/>\nCuk\u0159enka: 10 x 7 cm<br \/>\nObjem hrne\u010dku: 60 ml<br \/>\nPr\u016fm\u011br pod\u0161\u00e1lku: 11 cm<\/p>\n","protected":false},"excerpt":{"rendered":"<p>Elegantn\u00ed souprava ne espresso v minimalistick\u00fdch lin\u00edch av\u0161ak v\u00fdrazn\u00e1 kobaltovou modrou barvou. Kvalitn\u00ed av\u0161ak nezna\u010den\u00fd porcel\u00e1n. Sada obsahuje: \u010dajovou konvici,<\/p>\n","protected":false},"featured_media":18784,"template":"","meta":[],"product_brand":[153],"product_cat":[91],"product_tag":[],"class_list":{"0":"post-18783","1":"product","2":"type-product","3":"status-publish","4":"has-post-thumbnail","6":"product_brand-eterle-cz","7":"product_cat-prodane","9":"first","10":"outofstock","11":"purchasable","12":"product-type-simple"},"_links":{"self":[{"href":"https:\/\/eterle.cz\/eshop\/wp-json\/wp\/v2\/product\/18783","targetHints":{"allow":["GET"]}}],"collection":[{"href":"https:\/\/eterle.cz\/eshop\/wp-json\/wp\/v2\/product"}],"about":[{"href":"https:\/\/eterle.cz\/eshop\/wp-json\/wp\/v2\/types\/product"}],"version-history":[{"count":0,"href":"https:\/\/eterle.cz\/eshop\/wp-json\/wp\/v2\/product\/18783\/revisions"}],"wp:featuredmedia":[{"embeddable":true,"href":"https:\/\/eterle.cz\/eshop\/wp-json\/wp\/v2\/media\/18784"}],"wp:attachment":[{"href":"https:\/\/eterle.cz\/eshop\/wp-json\/wp\/v2\/media?parent=18783"}],"wp:term":[{"taxonomy":"product_brand","embeddable":true,"href":"https:\/\/eterle.cz\/eshop\/wp-json\/wp\/v2\/product_brand?post=18783"},{"taxonomy":"product_cat","embeddable":true,"href":"https:\/\/eterle.cz\/eshop\/wp-json\/wp\/v2\/product_cat?post=18783"},{"taxonomy":"product_tag","embeddable":true,"href":"https:\/\/eterle.cz\/eshop\/wp-json\/wp\/v2\/product_tag?post=18783"}],"curies":[{"name":"wp","href":"https:\/\/api.w.org\/{rel}","templated":true}]}}