{"id":18791,"date":"2024-04-24T22:42:28","date_gmt":"2024-04-24T20:42:28","guid":{"rendered":"https:\/\/eterle.cz\/eshop\/produkt\/polevkova-misa-benedikt\/"},"modified":"2026-02-08T10:04:45","modified_gmt":"2026-02-08T09:04:45","slug":"polevkova-misa-benedikt","status":"publish","type":"product","link":"https:\/\/eterle.cz\/eshop\/produkt\/polevkova-misa-benedikt\/","title":{"rendered":"Pol\u00e9vkov\u00e1 m\u00edsa \/ Benedikt"},"content":{"rendered":"<p>B\u00edl\u00e1 pol\u00e9vkov\u00e1 m\u00edsa od \u010desk\u00e9 porcel\u00e1nky G. Benedikt, jedn\u00e9 z aktu\u00e1ln\u011b nejv\u011bt\u0161\u00edch porcel\u00e1nek v \u010cech\u00e1ch. Jej\u00ed tradice sah\u00e1 do roku 1882.<\/p>\n<p>Stav: nov\u00e1<br \/>\nZna\u010dka: Benedikt (nezna\u010den\u00e1)<br \/>\nObjem: 2,5 l<\/p>\n","protected":false},"excerpt":{"rendered":"<p>B\u00edl\u00e1 pol\u00e9vkov\u00e1 m\u00edsa od \u010desk\u00e9 porcel\u00e1nky G. Benedikt, jedn\u00e9 z aktu\u00e1ln\u011b nejv\u011bt\u0161\u00edch porcel\u00e1nek v \u010cech\u00e1ch. Jej\u00ed tradice sah\u00e1 do roku<\/p>\n","protected":false},"featured_media":18792,"template":"","meta":[],"product_brand":[153],"product_cat":[76,110],"product_tag":[],"class_list":{"0":"post-18791","1":"product","2":"type-product","3":"status-publish","4":"has-post-thumbnail","6":"product_brand-eterle-cz","7":"product_cat-porcelan","8":"product_cat-misy","10":"first","11":"instock","12":"purchasable","13":"product-type-simple"},"_links":{"self":[{"href":"https:\/\/eterle.cz\/eshop\/wp-json\/wp\/v2\/product\/18791","targetHints":{"allow":["GET"]}}],"collection":[{"href":"https:\/\/eterle.cz\/eshop\/wp-json\/wp\/v2\/product"}],"about":[{"href":"https:\/\/eterle.cz\/eshop\/wp-json\/wp\/v2\/types\/product"}],"version-history":[{"count":1,"href":"https:\/\/eterle.cz\/eshop\/wp-json\/wp\/v2\/product\/18791\/revisions"}],"predecessor-version":[{"id":26372,"href":"https:\/\/eterle.cz\/eshop\/wp-json\/wp\/v2\/product\/18791\/revisions\/26372"}],"wp:featuredmedia":[{"embeddable":true,"href":"https:\/\/eterle.cz\/eshop\/wp-json\/wp\/v2\/media\/18792"}],"wp:attachment":[{"href":"https:\/\/eterle.cz\/eshop\/wp-json\/wp\/v2\/media?parent=18791"}],"wp:term":[{"taxonomy":"product_brand","embeddable":true,"href":"https:\/\/eterle.cz\/eshop\/wp-json\/wp\/v2\/product_brand?post=18791"},{"taxonomy":"product_cat","embeddable":true,"href":"https:\/\/eterle.cz\/eshop\/wp-json\/wp\/v2\/product_cat?post=18791"},{"taxonomy":"product_tag","embeddable":true,"href":"https:\/\/eterle.cz\/eshop\/wp-json\/wp\/v2\/product_tag?post=18791"}],"curies":[{"name":"wp","href":"https:\/\/api.w.org\/{rel}","templated":true}]}}