{"id":18799,"date":"2024-04-24T22:42:50","date_gmt":"2024-04-24T20:42:50","guid":{"rendered":"https:\/\/eterle.cz\/eshop\/produkt\/mlekovka-lilien\/"},"modified":"2025-06-24T01:54:33","modified_gmt":"2025-06-23T23:54:33","slug":"mlekovka-lilien","status":"publish","type":"product","link":"https:\/\/eterle.cz\/eshop\/produkt\/mlekovka-lilien\/","title":{"rendered":"Ml\u00e9kovka \/ Lilien"},"content":{"rendered":"<p>Silnost\u011bnn\u00e1 praktick\u00e1 ml\u00e9kovka, kterou m\u016f\u017eete vyu\u017e\u00edt nejen na ml\u00e9ko, ale d\u00edky v\u011bt\u0161\u00edmu objemu i jako d\u017eb\u00e1nek na vodu \u010di jako v\u00e1zi\u010dku na chalup\u011b na lu\u010dn\u00ed kv\u011btiny.<\/p>\n<p>Stav: nov\u00e1<br \/>\nZna\u010dka: Lilien<br \/>\nObjem: 500 ml<\/p>\n","protected":false},"excerpt":{"rendered":"<p>Silnost\u011bnn\u00e1 praktick\u00e1 ml\u00e9kovka, kterou m\u016f\u017eete vyu\u017e\u00edt nejen na ml\u00e9ko, ale d\u00edky v\u011bt\u0161\u00edmu objemu i jako d\u017eb\u00e1nek na vodu \u010di jako<\/p>\n","protected":false},"featured_media":18800,"template":"","meta":[],"product_brand":[153],"product_cat":[76,108],"product_tag":[],"class_list":{"0":"post-18799","1":"product","2":"type-product","3":"status-publish","4":"has-post-thumbnail","6":"product_brand-eterle-cz","7":"product_cat-porcelan","8":"product_cat-cukrenky-a-mlekovky","10":"first","11":"instock","12":"purchasable","13":"product-type-simple"},"_links":{"self":[{"href":"https:\/\/eterle.cz\/eshop\/wp-json\/wp\/v2\/product\/18799","targetHints":{"allow":["GET"]}}],"collection":[{"href":"https:\/\/eterle.cz\/eshop\/wp-json\/wp\/v2\/product"}],"about":[{"href":"https:\/\/eterle.cz\/eshop\/wp-json\/wp\/v2\/types\/product"}],"version-history":[{"count":1,"href":"https:\/\/eterle.cz\/eshop\/wp-json\/wp\/v2\/product\/18799\/revisions"}],"predecessor-version":[{"id":26371,"href":"https:\/\/eterle.cz\/eshop\/wp-json\/wp\/v2\/product\/18799\/revisions\/26371"}],"wp:featuredmedia":[{"embeddable":true,"href":"https:\/\/eterle.cz\/eshop\/wp-json\/wp\/v2\/media\/18800"}],"wp:attachment":[{"href":"https:\/\/eterle.cz\/eshop\/wp-json\/wp\/v2\/media?parent=18799"}],"wp:term":[{"taxonomy":"product_brand","embeddable":true,"href":"https:\/\/eterle.cz\/eshop\/wp-json\/wp\/v2\/product_brand?post=18799"},{"taxonomy":"product_cat","embeddable":true,"href":"https:\/\/eterle.cz\/eshop\/wp-json\/wp\/v2\/product_cat?post=18799"},{"taxonomy":"product_tag","embeddable":true,"href":"https:\/\/eterle.cz\/eshop\/wp-json\/wp\/v2\/product_tag?post=18799"}],"curies":[{"name":"wp","href":"https:\/\/api.w.org\/{rel}","templated":true}]}}