{"id":18804,"date":"2024-04-24T22:43:01","date_gmt":"2024-04-24T20:43:01","guid":{"rendered":"https:\/\/eterle.cz\/eshop\/produkt\/hrnecek-na-nozickach\/"},"modified":"2025-12-20T11:07:53","modified_gmt":"2025-12-20T10:07:53","slug":"hrnecek-na-nozickach","status":"publish","type":"product","link":"https:\/\/eterle.cz\/eshop\/produkt\/hrnecek-na-nozickach\/","title":{"rendered":"Hrne\u010dek na no\u017ei\u010dk\u00e1ch"},"content":{"rendered":"<p>Hrnek n\u00e1 k\u00e1vu z tenk\u00e9ho porcel\u00e1nu s velmi zdobn\u00fdm propracovan\u00fdcm ou\u0161kem. Spodn\u00ed \u010d\u00e1st hrne\u010dku m\u00e1 bohat\u00fd plastick\u00fd dekor. Jist\u011b zaujme i t\u00edm, \u017ee stoj\u00ed na \u010dty\u0159ech noh\u00e1ch.<\/p>\n<p>Stav: nov\u00fd<br \/>\nObjem: 100 ml<\/p>\n","protected":false},"excerpt":{"rendered":"<p>Hrnek n\u00e1 k\u00e1vu z tenk\u00e9ho porcel\u00e1nu s velmi zdobn\u00fdm propracovan\u00fdcm ou\u0161kem. Spodn\u00ed \u010d\u00e1st hrne\u010dku m\u00e1 bohat\u00fd plastick\u00fd dekor. Jist\u011b zaujme<\/p>\n","protected":false},"featured_media":18805,"template":"","meta":[],"product_brand":[153],"product_cat":[76,120],"product_tag":[],"class_list":{"0":"post-18804","1":"product","2":"type-product","3":"status-publish","4":"has-post-thumbnail","6":"product_brand-eterle-cz","7":"product_cat-porcelan","8":"product_cat-hrnecky","10":"first","11":"instock","12":"purchasable","13":"product-type-simple"},"_links":{"self":[{"href":"https:\/\/eterle.cz\/eshop\/wp-json\/wp\/v2\/product\/18804","targetHints":{"allow":["GET"]}}],"collection":[{"href":"https:\/\/eterle.cz\/eshop\/wp-json\/wp\/v2\/product"}],"about":[{"href":"https:\/\/eterle.cz\/eshop\/wp-json\/wp\/v2\/types\/product"}],"version-history":[{"count":1,"href":"https:\/\/eterle.cz\/eshop\/wp-json\/wp\/v2\/product\/18804\/revisions"}],"predecessor-version":[{"id":26370,"href":"https:\/\/eterle.cz\/eshop\/wp-json\/wp\/v2\/product\/18804\/revisions\/26370"}],"wp:featuredmedia":[{"embeddable":true,"href":"https:\/\/eterle.cz\/eshop\/wp-json\/wp\/v2\/media\/18805"}],"wp:attachment":[{"href":"https:\/\/eterle.cz\/eshop\/wp-json\/wp\/v2\/media?parent=18804"}],"wp:term":[{"taxonomy":"product_brand","embeddable":true,"href":"https:\/\/eterle.cz\/eshop\/wp-json\/wp\/v2\/product_brand?post=18804"},{"taxonomy":"product_cat","embeddable":true,"href":"https:\/\/eterle.cz\/eshop\/wp-json\/wp\/v2\/product_cat?post=18804"},{"taxonomy":"product_tag","embeddable":true,"href":"https:\/\/eterle.cz\/eshop\/wp-json\/wp\/v2\/product_tag?post=18804"}],"curies":[{"name":"wp","href":"https:\/\/api.w.org\/{rel}","templated":true}]}}